{"id":8185,"date":"2024-02-09T07:00:14","date_gmt":"2024-02-09T07:00:14","guid":{"rendered":"https:\/\/www.streamlineseats.de\/page\/?post_type=product&#038;p=8185"},"modified":"2026-03-14T13:16:10","modified_gmt":"2026-03-14T13:16:10","slug":"scharnier-upgrade-vespa-smallframe","status":"publish","type":"product","link":"https:\/\/www.streamlineseats.de\/page\/produkt\/scharnier-upgrade-vespa-smallframe\/","title":{"rendered":"Scharnier-Upgrade Vespa Smallframe"},"content":{"rendered":"<section class=\"elementor-section elementor-inner-section elementor-element elementor-element-b13b888 elementor-section-boxed elementor-section-height-default elementor-section-height-default\" data-id=\"b13b888\" data-element_type=\"section\">\n<div class=\"elementor-container elementor-column-gap-default\">\n<div class=\"elementor-row\">\n<div class=\"elementor-column elementor-col-100 elementor-inner-column elementor-element elementor-element-440a8a6\" data-id=\"440a8a6\" data-element_type=\"column\">\n<div class=\"elementor-column-wrap elementor-element-populated\">\n<div class=\"elementor-widget-wrap\">\n<div class=\"elementor-element elementor-element-c476f6d elementor-widget elementor-widget-text-editor\" data-id=\"c476f6d\" data-element_type=\"widget\" data-widget_type=\"text-editor.default\">\n<div class=\"elementor-widget-container\">\n<div class=\"elementor-text-editor elementor-clearfix\">\n<p><strong>AKTUELL NICHT VERF\u00dcGBAR!<\/strong><\/p>\n<p>Als besonderes Highlight bieten wir f\u00fcr alle unsere Vespa Smallframe Sport- und Touringsitzb\u00e4nke zus\u00e4tzlich ein Hightech-Scharnier als besondere Upgradem\u00f6glichkeit an. Mit Hilfe dieses \u00e4u\u00dferst praktischen Bauteils wird das Standardbefestigungssystem ersetzt, die Handhabung der Sitzbank optimiert und jeder Roller durch ein weiteres optisches Highlight in Szene gesetzt.<br \/>\nAlle unsere Scharniere sind 100% Made in Germany.<\/p>\n<p><strong>Die wichtigsten Eigenschaften im \u00dcberblick:<\/strong><\/p>\n<ul>\n<li>passend f\u00fcr Vespa Smallframe<\/li>\n<li>gefertigt aus hochfestem Edelstahl<\/li>\n<li>Bank bleibt abschlie\u00dfbar<\/li>\n<li>Basispreis: 139 \u20ac inklusive allem notwenigen Befestigungsmaterial, Montageanleitung und neuem Deckblech<\/li>\n<li>optionaler Gelenk-Ratschenschl\u00fcssel zur leichteren Montage und Demontage erh\u00e4ltlich<\/li>\n<li>Lieferung des Scharniers erfolgt als Bausatz<\/li>\n<\/ul>\n<p><strong>Preisstaffelung Scharnierupgrade (Beschreibung Versionen: siehe unten):<\/strong><\/p>\n<ul>\n<li>Scharnier f\u00fcr Sitzb\u00e4nke der Version 3.0: 139 \u20ac<\/li>\n<li>Scharnier f\u00fcr Sitzb\u00e4nke der Version 2.0: 139 \u20ac plus 5 \u20ac f\u00fcr ein neues kurzes Schloss<\/li>\n<li>Scharnier f\u00fcr Sitzb\u00e4nke der Version 1.0: 139 \u20ac plus 19 \u20ac f\u00fcr ein neues Nietblech (V3.0) plus 5 \u20ac f\u00fcr ein neues kurzes Schloss<\/li>\n<\/ul>\n<\/div>\n<\/div>\n<\/div>\n<\/div>\n<\/div>\n<\/div>\n<\/div>\n<\/div>\n<\/section>\n<p><strong>Versionsunterschiede Smallframe Sitzb\u00e4nke:<\/strong><\/p>\n<p>Die ersten Sitzb\u00e4nke von Anfang bis Mitte 2014 hatten noch keine festen Einpress-Gewindebolzen im Nietblech unter der Sitzbankfl\u00e4che verbaut. Weiterhin war das Layout der Abstandsmuffen verschieden. Die Scharniere passen daher nur auf das neue Nietblech mit den Einpress-Gewindebolzen. Bitte daher vorher pr\u00fcfen, um welchen Typ Bank bzw. welche Version es sich handelt!<\/p>\n<p><u><strong>Anleitung<\/strong>:<\/u>\u00a0Puffer, Schrauben und Deckblech entfernen. Anschlie\u00dfend pr\u00fcfen, ob sich die Distanzmuffen l\u00f6sen lassen und darunter ein Einpress-Gewindebolzen zu sehen ist (Version 2.0 und 3.0) oder ob sich diese mitdrehen (Version 1.0,).<br \/>\nBei V 1.0 sind weiterhin Karosseriescheiben unter den Abstandsmuffen verbaut.<\/p>\n<p><strong>Versionsunterschiede Smallframe Sitzb\u00e4nke:<\/strong><\/p>\n<p><strong>Version 3.0 (ab ca. Anfang 2017)<\/strong><\/p>\n<ul>\n<li>dickere Polsterung<\/li>\n<li>L\u00fcftungsl\u00f6cher im Sitzbankkorpus<\/li>\n<li>Deckblech aus geb\u00fcrstetem Edelstahl ohne eingraviertes Logo<\/li>\n<li>insgesamt 6 verbaute Puffer: 2 kleine vorne, 2 kleine in der Mitte und 2 gr\u00f6\u00dfere am Heck<\/li>\n<li>kurzes Schloss mit 16 mm Zylinderl\u00e4nge<\/li>\n<\/ul>\n<p><strong>Version 2.0 (ab ca. Mitte 2014 bis Anfang 2017)<\/strong><\/p>\n<ul>\n<li>Deckblech aus Aluminium (teilweise mit eingraviertem Logo)<\/li>\n<li>1 kleiner Puffer vorne und 4 gro\u00dfe hinten und in der Mitte<\/li>\n<li>langes Schloss mit 40 mm Zylinderl\u00e4nge<\/li>\n<li>teilweise Repkit verbaut (schwarzer Halbmondkeil sowie gebogenes Edelstahlblech in der Spitze)<\/li>\n<li>Distanzmuffen sind mit normalen M6 Unterlegscheiben und Federringen befestigt (siehe Foto)<\/li>\n<\/ul>\n<p><strong>Version 1.0 ( ab Anfang 2014 bis ca. Mitte 2014)<\/strong><\/p>\n<ul>\n<li>Deckblech aus Aluminium (teilweise mit eingraviertem Logo)<\/li>\n<li>1 kleiner Puffer vorne und 4 gro\u00dfe hinten und in der Mitte<\/li>\n<li>langes Schloss vorne mit 40 mm Zylinderl\u00e4nge<\/li>\n<li>Distanzmuffen sind von hinten mit Schrauben und gro\u00dfen Karosseriescheiben befestigt (siehe Foto)<\/li>\n<\/ul>\n<p class=\"f-lp\"><img fetchpriority=\"high\" decoding=\"async\" id=\"V10KarosseriescheibenunterdenDistanzmuffen\" class=\"\" src=\"https:\/\/www.streamlineseats.de\/site\/Resources\/Vespa_Sitzbank_Unterblech_V1.0.jpg\" alt=\"V1.0 = Karosseriescheiben unter den Distanzmuffen\" width=\"578\" height=\"325\" \/><\/p>\n<p class=\"f-lp\">V 1.0 = Karosseriescheiben unter den Distanzmuffen<\/p>\n","protected":false},"excerpt":{"rendered":"<p>Als besonderes Highlight bieten wir f\u00fcr alle unsere Vespa Smallframe Sport- und Touringsitzb\u00e4nke zus\u00e4tzlich ein Hightech-Scharnier als besondere Upgradem\u00f6glichkeit an.<\/p>\n<p>Informationen zur Bestimmung der Version sind nachstehend in der Beschreibung zu finden.<\/p>\n","protected":false},"featured_media":6879,"template":"","meta":{"site-sidebar-layout":"default","site-content-layout":"default","ast-site-content-layout":"default","site-content-style":"default","site-sidebar-style":"default","ast-global-header-display":"","ast-banner-title-visibility":"","ast-main-header-display":"","ast-hfb-above-header-display":"","ast-hfb-below-header-display":"","ast-hfb-mobile-header-display":"","site-post-title":"","ast-breadcrumbs-content":"","ast-featured-img":"","footer-sml-layout":"","theme-transparent-header-meta":"default","adv-header-id-meta":"","stick-header-meta":"","header-above-stick-meta":"","header-main-stick-meta":"","header-below-stick-meta":"","astra-migrate-meta-layouts":"set","ast-page-background-enabled":"default","ast-page-background-meta":{"desktop":{"background-color":"","background-image":"","background-repeat":"repeat","background-position":"center center","background-size":"auto","background-attachment":"scroll","background-type":"","background-media":"","overlay-type":"","overlay-color":"","overlay-opacity":"","overlay-gradient":""},"tablet":{"background-color":"","background-image":"","background-repeat":"repeat","background-position":"center center","background-size":"auto","background-attachment":"scroll","background-type":"","background-media":"","overlay-type":"","overlay-color":"","overlay-opacity":"","overlay-gradient":""},"mobile":{"background-color":"","background-image":"","background-repeat":"repeat","background-position":"center center","background-size":"auto","background-attachment":"scroll","background-type":"","background-media":"","overlay-type":"","overlay-color":"","overlay-opacity":"","overlay-gradient":""}},"ast-content-background-meta":{"desktop":{"background-color":"var(--ast-global-color-5)","background-image":"","background-repeat":"repeat","background-position":"center center","background-size":"auto","background-attachment":"scroll","background-type":"","background-media":"","overlay-type":"","overlay-color":"","overlay-opacity":"","overlay-gradient":""},"tablet":{"background-color":"var(--ast-global-color-5)","background-image":"","background-repeat":"repeat","background-position":"center center","background-size":"auto","background-attachment":"scroll","background-type":"","background-media":"","overlay-type":"","overlay-color":"","overlay-opacity":"","overlay-gradient":""},"mobile":{"background-color":"var(--ast-global-color-5)","background-image":"","background-repeat":"repeat","background-position":"center center","background-size":"auto","background-attachment":"scroll","background-type":"","background-media":"","overlay-type":"","overlay-color":"","overlay-opacity":"","overlay-gradient":""}}},"product_brand":[],"product_cat":[81],"product_tag":[],"class_list":{"0":"post-8185","1":"product","2":"type-product","3":"status-publish","4":"has-post-thumbnail","6":"product_cat-scharniere","7":"pa_sitzbank-version-version-1-0-vespa-smallframe","8":"pa_sitzbank-version-version-2-0-vespa-smallframe","9":"pa_sitzbank-version-version-3-0-vespa-smallframe","10":"desktop-align-left","11":"tablet-align-left","12":"mobile-align-left","14":"first","15":"outofstock","16":"taxable","17":"shipping-taxable","18":"purchasable","19":"product-type-variable"},"_links":{"self":[{"href":"https:\/\/www.streamlineseats.de\/page\/wp-json\/wp\/v2\/product\/8185","targetHints":{"allow":["GET"]}}],"collection":[{"href":"https:\/\/www.streamlineseats.de\/page\/wp-json\/wp\/v2\/product"}],"about":[{"href":"https:\/\/www.streamlineseats.de\/page\/wp-json\/wp\/v2\/types\/product"}],"version-history":[{"count":4,"href":"https:\/\/www.streamlineseats.de\/page\/wp-json\/wp\/v2\/product\/8185\/revisions"}],"predecessor-version":[{"id":11899,"href":"https:\/\/www.streamlineseats.de\/page\/wp-json\/wp\/v2\/product\/8185\/revisions\/11899"}],"wp:featuredmedia":[{"embeddable":true,"href":"https:\/\/www.streamlineseats.de\/page\/wp-json\/wp\/v2\/media\/6879"}],"wp:attachment":[{"href":"https:\/\/www.streamlineseats.de\/page\/wp-json\/wp\/v2\/media?parent=8185"}],"wp:term":[{"taxonomy":"product_brand","embeddable":true,"href":"https:\/\/www.streamlineseats.de\/page\/wp-json\/wp\/v2\/product_brand?post=8185"},{"taxonomy":"product_cat","embeddable":true,"href":"https:\/\/www.streamlineseats.de\/page\/wp-json\/wp\/v2\/product_cat?post=8185"},{"taxonomy":"product_tag","embeddable":true,"href":"https:\/\/www.streamlineseats.de\/page\/wp-json\/wp\/v2\/product_tag?post=8185"}],"curies":[{"name":"wp","href":"https:\/\/api.w.org\/{rel}","templated":true}]}}