{"id":8178,"date":"2024-02-09T06:19:52","date_gmt":"2024-02-09T06:19:52","guid":{"rendered":"https:\/\/www.streamlineseats.de\/page\/?post_type=product&#038;p=8178"},"modified":"2024-10-10T08:33:01","modified_gmt":"2024-10-10T08:33:01","slug":"schwingsattelversatz","status":"publish","type":"product","link":"https:\/\/www.streamlineseats.de\/page\/produkt\/schwingsattelversatz\/","title":{"rendered":"Schwingsattelversatz Largeframe Oldie"},"content":{"rendered":"<p>Der Schwingsattelversatz wurde speziell f\u00fcr gro\u00dfe Fahrer und Personen mit dem Wunsch nach zus\u00e4tzlicher Beinfreiheit entwickelt.<br \/>\nDank des Versatzes wird der vorhandene Schwingsattel um 30 mm nach hinten versetzt und somit ein h\u00f6herer Fahrkomfort f\u00fcr den Fahrer erzielt.<\/p>\n<p><strong>Die wichtigsten Eigenschaften im \u00dcberblick:<\/strong><\/p>\n<ul>\n<li>geeignet f\u00fcr Vespa Largeframe Modelle mit Schwingsattel<\/li>\n<li>gefertigt aus 4 mm starkem Edelstahl<\/li>\n<li>Lieferumfang: Schwingsattelversatz, Befestigungsmaterial und detaillierte Montageanleitung.<\/li>\n<\/ul>\n<p>Alle Bestandteile des Sets sind 100% Made in Germany. Bei der Fertigung wird auf die Verwendung\u00a0 hochwertigen Materialien gro\u00dfer Wert gelegt. Dies garantiert ein hochwertiges Produkt und eine bestm\u00f6gliche Haltbarkeit.<\/p>\n","protected":false},"excerpt":{"rendered":"<p>Der Schwingsattelversatz wurde speziell f\u00fcr gro\u00dfe Fahrer und Personen mit dem Wunsch nach zus\u00e4tzlicher Beinfreiheit entwickelt. Dank des Versatzes wird der vorhandene Schwingsattel um 30 mm nach hinten versetzt und somit ein h\u00f6herer Fahrkomfort f\u00fcr den Fahrer erzielt.<\/p>\n","protected":false},"featured_media":7138,"template":"","meta":{"site-sidebar-layout":"default","site-content-layout":"default","ast-site-content-layout":"default","site-content-style":"default","site-sidebar-style":"default","ast-global-header-display":"","ast-banner-title-visibility":"","ast-main-header-display":"","ast-hfb-above-header-display":"","ast-hfb-below-header-display":"","ast-hfb-mobile-header-display":"","site-post-title":"","ast-breadcrumbs-content":"","ast-featured-img":"","footer-sml-layout":"","theme-transparent-header-meta":"default","adv-header-id-meta":"","stick-header-meta":"","header-above-stick-meta":"","header-main-stick-meta":"","header-below-stick-meta":"","astra-migrate-meta-layouts":"set","ast-page-background-enabled":"default","ast-page-background-meta":{"desktop":{"background-color":"","background-image":"","background-repeat":"repeat","background-position":"center center","background-size":"auto","background-attachment":"scroll","background-type":"","background-media":"","overlay-type":"","overlay-color":"","overlay-opacity":"","overlay-gradient":""},"tablet":{"background-color":"","background-image":"","background-repeat":"repeat","background-position":"center center","background-size":"auto","background-attachment":"scroll","background-type":"","background-media":"","overlay-type":"","overlay-color":"","overlay-opacity":"","overlay-gradient":""},"mobile":{"background-color":"","background-image":"","background-repeat":"repeat","background-position":"center center","background-size":"auto","background-attachment":"scroll","background-type":"","background-media":"","overlay-type":"","overlay-color":"","overlay-opacity":"","overlay-gradient":""}},"ast-content-background-meta":{"desktop":{"background-color":"var(--ast-global-color-5)","background-image":"","background-repeat":"repeat","background-position":"center center","background-size":"auto","background-attachment":"scroll","background-type":"","background-media":"","overlay-type":"","overlay-color":"","overlay-opacity":"","overlay-gradient":""},"tablet":{"background-color":"var(--ast-global-color-5)","background-image":"","background-repeat":"repeat","background-position":"center center","background-size":"auto","background-attachment":"scroll","background-type":"","background-media":"","overlay-type":"","overlay-color":"","overlay-opacity":"","overlay-gradient":""},"mobile":{"background-color":"var(--ast-global-color-5)","background-image":"","background-repeat":"repeat","background-position":"center center","background-size":"auto","background-attachment":"scroll","background-type":"","background-media":"","overlay-type":"","overlay-color":"","overlay-opacity":"","overlay-gradient":""}}},"product_brand":[],"product_cat":[69],"product_tag":[],"class_list":{"0":"post-8178","1":"product","2":"type-product","3":"status-publish","4":"has-post-thumbnail","6":"product_cat-zubehoer","7":"desktop-align-left","8":"tablet-align-left","9":"mobile-align-left","11":"first","12":"instock","13":"taxable","14":"shipping-taxable","15":"purchasable","16":"product-type-simple"},"_links":{"self":[{"href":"https:\/\/www.streamlineseats.de\/page\/wp-json\/wp\/v2\/product\/8178","targetHints":{"allow":["GET"]}}],"collection":[{"href":"https:\/\/www.streamlineseats.de\/page\/wp-json\/wp\/v2\/product"}],"about":[{"href":"https:\/\/www.streamlineseats.de\/page\/wp-json\/wp\/v2\/types\/product"}],"version-history":[{"count":4,"href":"https:\/\/www.streamlineseats.de\/page\/wp-json\/wp\/v2\/product\/8178\/revisions"}],"predecessor-version":[{"id":8184,"href":"https:\/\/www.streamlineseats.de\/page\/wp-json\/wp\/v2\/product\/8178\/revisions\/8184"}],"wp:featuredmedia":[{"embeddable":true,"href":"https:\/\/www.streamlineseats.de\/page\/wp-json\/wp\/v2\/media\/7138"}],"wp:attachment":[{"href":"https:\/\/www.streamlineseats.de\/page\/wp-json\/wp\/v2\/media?parent=8178"}],"wp:term":[{"taxonomy":"product_brand","embeddable":true,"href":"https:\/\/www.streamlineseats.de\/page\/wp-json\/wp\/v2\/product_brand?post=8178"},{"taxonomy":"product_cat","embeddable":true,"href":"https:\/\/www.streamlineseats.de\/page\/wp-json\/wp\/v2\/product_cat?post=8178"},{"taxonomy":"product_tag","embeddable":true,"href":"https:\/\/www.streamlineseats.de\/page\/wp-json\/wp\/v2\/product_tag?post=8178"}],"curies":[{"name":"wp","href":"https:\/\/api.w.org\/{rel}","templated":true}]}}