{"id":3224,"date":"2021-03-01T04:54:46","date_gmt":"2021-03-01T04:54:46","guid":{"rendered":"https:\/\/www.streamlineseats.de\/page\/?post_type=product&#038;p=3224"},"modified":"2024-02-15T01:29:26","modified_gmt":"2024-02-15T01:29:26","slug":"sherpa-ersatzradtasche","status":"publish","type":"product","link":"https:\/\/www.streamlineseats.de\/page\/produkt\/sherpa-ersatzradtasche\/","title":{"rendered":"Sherpa Ersatzradtasche"},"content":{"rendered":"<div id=\"oneWrapper\">\n<div id=\"one\" class=\"one\">\n<p class=\"style2 f-fp\">Speziell f\u00fcr den Ersatzradhalter wurde die Streamline Sherpa-Tasche entwickelt. Sie bietet zus\u00e4tzlichen Stauraum f\u00fcr Werkzeug, Ersatzteile, Portemonnaies, Smartphones und vieles mehr. Die Ausf\u00fchrung der 10 Zoll Tasche verf\u00fcgt im Inneren \u00fcber zus\u00e4tzlich eingearbeitete F\u00e4cher. Dies verhilft zu einer optimalen \u00dcbersicht.<\/p>\n<p>Die Tasche l\u00e4sst sich mit Hilfe des eingearbeiteten Industrie-Kletts auf einer am Ersatzrad angebrachte Platte befestigen. Sie kann daher bei Bedarf m\u00fchelos abgenommen und wieder angebracht werden.<\/p>\n<p><strong>Die wichtigsten Eigenschaften im \u00dcberblick:<\/strong><\/p>\n<ul>\n<li>Gefertigt aus hochfestem und wasserdichten Cabrio-Verdeckstoff<\/li>\n<li>Erh\u00e4ltlich f\u00fcr 8 Zoll oder 10 Zoll R\u00e4der<\/li>\n<li>Lieferumfang: Ersatzradtasche, Befestigungsplatte, Montagematerial<\/li>\n<\/ul>\n<\/div>\n<\/div>\n","protected":false},"excerpt":{"rendered":"<p>Die Sherpa-Tasche von Streamline wurde speziell f\u00fcr den Ersatzradhalter alter Schaltroller entwickelt. Die Tasche bietet zus\u00e4tzlichen Stauraum f\u00fcr Werkzeug, Ersatzteile, Portemonaies, Smartphones und vieles mehr.<\/p>\n","protected":false},"featured_media":7102,"template":"","meta":{"site-sidebar-layout":"default","site-content-layout":"default","ast-site-content-layout":"default","site-content-style":"default","site-sidebar-style":"default","ast-global-header-display":"","ast-banner-title-visibility":"","ast-main-header-display":"","ast-hfb-above-header-display":"","ast-hfb-below-header-display":"","ast-hfb-mobile-header-display":"","site-post-title":"","ast-breadcrumbs-content":"","ast-featured-img":"","footer-sml-layout":"","theme-transparent-header-meta":"default","adv-header-id-meta":"","stick-header-meta":"","header-above-stick-meta":"","header-main-stick-meta":"","header-below-stick-meta":"","astra-migrate-meta-layouts":"set","ast-page-background-enabled":"default","ast-page-background-meta":{"desktop":{"background-color":"","background-image":"","background-repeat":"repeat","background-position":"center center","background-size":"auto","background-attachment":"scroll","background-type":"","background-media":"","overlay-type":"","overlay-color":"","overlay-opacity":"","overlay-gradient":""},"tablet":{"background-color":"","background-image":"","background-repeat":"repeat","background-position":"center center","background-size":"auto","background-attachment":"scroll","background-type":"","background-media":"","overlay-type":"","overlay-color":"","overlay-opacity":"","overlay-gradient":""},"mobile":{"background-color":"","background-image":"","background-repeat":"repeat","background-position":"center center","background-size":"auto","background-attachment":"scroll","background-type":"","background-media":"","overlay-type":"","overlay-color":"","overlay-opacity":"","overlay-gradient":""}},"ast-content-background-meta":{"desktop":{"background-color":"var(--ast-global-color-5)","background-image":"","background-repeat":"repeat","background-position":"center center","background-size":"auto","background-attachment":"scroll","background-type":"","background-media":"","overlay-type":"","overlay-color":"","overlay-opacity":"","overlay-gradient":""},"tablet":{"background-color":"var(--ast-global-color-5)","background-image":"","background-repeat":"repeat","background-position":"center center","background-size":"auto","background-attachment":"scroll","background-type":"","background-media":"","overlay-type":"","overlay-color":"","overlay-opacity":"","overlay-gradient":""},"mobile":{"background-color":"var(--ast-global-color-5)","background-image":"","background-repeat":"repeat","background-position":"center center","background-size":"auto","background-attachment":"scroll","background-type":"","background-media":"","overlay-type":"","overlay-color":"","overlay-opacity":"","overlay-gradient":""}}},"product_brand":[],"product_cat":[69],"product_tag":[],"class_list":{"0":"post-3224","1":"product","2":"type-product","3":"status-publish","4":"has-post-thumbnail","6":"product_cat-zubehoer","7":"pa_groesse-10-zoll-10-inch","8":"pa_groesse-8-zoll-8-inch","9":"desktop-align-left","10":"tablet-align-left","11":"mobile-align-left","13":"first","14":"outofstock","15":"taxable","16":"shipping-taxable","17":"purchasable","18":"product-type-variable"},"_links":{"self":[{"href":"https:\/\/www.streamlineseats.de\/page\/wp-json\/wp\/v2\/product\/3224","targetHints":{"allow":["GET"]}}],"collection":[{"href":"https:\/\/www.streamlineseats.de\/page\/wp-json\/wp\/v2\/product"}],"about":[{"href":"https:\/\/www.streamlineseats.de\/page\/wp-json\/wp\/v2\/types\/product"}],"version-history":[{"count":6,"href":"https:\/\/www.streamlineseats.de\/page\/wp-json\/wp\/v2\/product\/3224\/revisions"}],"predecessor-version":[{"id":6357,"href":"https:\/\/www.streamlineseats.de\/page\/wp-json\/wp\/v2\/product\/3224\/revisions\/6357"}],"wp:featuredmedia":[{"embeddable":true,"href":"https:\/\/www.streamlineseats.de\/page\/wp-json\/wp\/v2\/media\/7102"}],"wp:attachment":[{"href":"https:\/\/www.streamlineseats.de\/page\/wp-json\/wp\/v2\/media?parent=3224"}],"wp:term":[{"taxonomy":"product_brand","embeddable":true,"href":"https:\/\/www.streamlineseats.de\/page\/wp-json\/wp\/v2\/product_brand?post=3224"},{"taxonomy":"product_cat","embeddable":true,"href":"https:\/\/www.streamlineseats.de\/page\/wp-json\/wp\/v2\/product_cat?post=3224"},{"taxonomy":"product_tag","embeddable":true,"href":"https:\/\/www.streamlineseats.de\/page\/wp-json\/wp\/v2\/product_tag?post=3224"}],"curies":[{"name":"wp","href":"https:\/\/api.w.org\/{rel}","templated":true}]}}