{"id":3208,"date":"2021-03-01T04:08:59","date_gmt":"2021-03-01T04:08:59","guid":{"rendered":"https:\/\/www.streamlineseats.de\/page\/?post_type=product&#038;p=3208"},"modified":"2024-02-09T08:55:04","modified_gmt":"2024-02-09T08:55:04","slug":"ersatzradhalter-largeframe-oldie","status":"publish","type":"product","link":"https:\/\/www.streamlineseats.de\/page\/produkt\/ersatzradhalter-largeframe-oldie\/","title":{"rendered":"Reserveradhalter Largeframe Oldie"},"content":{"rendered":"<p class=\"style2 f-fp\">Der Reserveradhalter f\u00fcr 8 und 10 Zoll R\u00e4der wurde speziell f\u00fcr alle Largeframe Oldie Modelle entwickelt. Der Halter erm\u00f6glicht die Montage eines Ersatzrades am Heck bei gleichzeitiger Montage eines Schwingsattels.<\/p>\n<p><strong>Die wichtigsten Eigenschaften im \u00dcberblick:<\/strong><\/p>\n<ul>\n<li>geeignet f\u00fcr Vespa Largeframe Oldie Modelle mit Schwingsattel (VBB, VNA, VNB, Sprint, GL, GS 160, T4, Motovespa GT)<\/li>\n<li>verf\u00fcgbar f\u00fcr 8 und 10 Zoll R\u00e4der<\/li>\n<li>gefertigt aus 3 mm starkem Edelstahl<\/li>\n<li>inkl. allem notwendigen Befestigungsmaterial<\/li>\n<\/ul>\n","protected":false},"excerpt":{"rendered":"<p>Der Largeframe Ersatzradhalter wurde speziell f\u00fcr alle Largeframe Oldies entwickelt und erm\u00f6glicht die Montage eines Ersatzrades am Heck bei gleichzeiter Montage eines Schwingsattels.<\/p>\n","protected":false},"featured_media":7108,"template":"","meta":{"site-sidebar-layout":"default","site-content-layout":"default","ast-site-content-layout":"default","site-content-style":"default","site-sidebar-style":"default","ast-global-header-display":"","ast-banner-title-visibility":"","ast-main-header-display":"","ast-hfb-above-header-display":"","ast-hfb-below-header-display":"","ast-hfb-mobile-header-display":"","site-post-title":"","ast-breadcrumbs-content":"","ast-featured-img":"","footer-sml-layout":"","theme-transparent-header-meta":"default","adv-header-id-meta":"","stick-header-meta":"","header-above-stick-meta":"","header-main-stick-meta":"","header-below-stick-meta":"","astra-migrate-meta-layouts":"set","ast-page-background-enabled":"default","ast-page-background-meta":{"desktop":{"background-color":"","background-image":"","background-repeat":"repeat","background-position":"center center","background-size":"auto","background-attachment":"scroll","background-type":"","background-media":"","overlay-type":"","overlay-color":"","overlay-opacity":"","overlay-gradient":""},"tablet":{"background-color":"","background-image":"","background-repeat":"repeat","background-position":"center center","background-size":"auto","background-attachment":"scroll","background-type":"","background-media":"","overlay-type":"","overlay-color":"","overlay-opacity":"","overlay-gradient":""},"mobile":{"background-color":"","background-image":"","background-repeat":"repeat","background-position":"center center","background-size":"auto","background-attachment":"scroll","background-type":"","background-media":"","overlay-type":"","overlay-color":"","overlay-opacity":"","overlay-gradient":""}},"ast-content-background-meta":{"desktop":{"background-color":"var(--ast-global-color-5)","background-image":"","background-repeat":"repeat","background-position":"center center","background-size":"auto","background-attachment":"scroll","background-type":"","background-media":"","overlay-type":"","overlay-color":"","overlay-opacity":"","overlay-gradient":""},"tablet":{"background-color":"var(--ast-global-color-5)","background-image":"","background-repeat":"repeat","background-position":"center center","background-size":"auto","background-attachment":"scroll","background-type":"","background-media":"","overlay-type":"","overlay-color":"","overlay-opacity":"","overlay-gradient":""},"mobile":{"background-color":"var(--ast-global-color-5)","background-image":"","background-repeat":"repeat","background-position":"center center","background-size":"auto","background-attachment":"scroll","background-type":"","background-media":"","overlay-type":"","overlay-color":"","overlay-opacity":"","overlay-gradient":""}}},"product_brand":[],"product_cat":[69],"product_tag":[],"class_list":{"0":"post-3208","1":"product","2":"type-product","3":"status-publish","4":"has-post-thumbnail","6":"product_cat-zubehoer","7":"pa_groesse-10-zoll-10-inch","8":"pa_groesse-8-zoll-8-inch","9":"desktop-align-left","10":"tablet-align-left","11":"mobile-align-left","13":"first","14":"instock","15":"taxable","16":"shipping-taxable","17":"purchasable","18":"product-type-variable"},"_links":{"self":[{"href":"https:\/\/www.streamlineseats.de\/page\/wp-json\/wp\/v2\/product\/3208","targetHints":{"allow":["GET"]}}],"collection":[{"href":"https:\/\/www.streamlineseats.de\/page\/wp-json\/wp\/v2\/product"}],"about":[{"href":"https:\/\/www.streamlineseats.de\/page\/wp-json\/wp\/v2\/types\/product"}],"version-history":[{"count":8,"href":"https:\/\/www.streamlineseats.de\/page\/wp-json\/wp\/v2\/product\/3208\/revisions"}],"predecessor-version":[{"id":3212,"href":"https:\/\/www.streamlineseats.de\/page\/wp-json\/wp\/v2\/product\/3208\/revisions\/3212"}],"wp:featuredmedia":[{"embeddable":true,"href":"https:\/\/www.streamlineseats.de\/page\/wp-json\/wp\/v2\/media\/7108"}],"wp:attachment":[{"href":"https:\/\/www.streamlineseats.de\/page\/wp-json\/wp\/v2\/media?parent=3208"}],"wp:term":[{"taxonomy":"product_brand","embeddable":true,"href":"https:\/\/www.streamlineseats.de\/page\/wp-json\/wp\/v2\/product_brand?post=3208"},{"taxonomy":"product_cat","embeddable":true,"href":"https:\/\/www.streamlineseats.de\/page\/wp-json\/wp\/v2\/product_cat?post=3208"},{"taxonomy":"product_tag","embeddable":true,"href":"https:\/\/www.streamlineseats.de\/page\/wp-json\/wp\/v2\/product_tag?post=3208"}],"curies":[{"name":"wp","href":"https:\/\/api.w.org\/{rel}","templated":true}]}}