{"id":10281,"date":"2024-09-21T08:53:54","date_gmt":"2024-09-21T08:53:54","guid":{"rendered":"https:\/\/www.streamlineseats.de\/page\/?post_type=product&#038;p=10281"},"modified":"2026-04-03T17:15:00","modified_gmt":"2026-04-03T17:15:00","slug":"custom-gepaecktraeger-fuer-lange-royal-alloy-sitzbank","status":"publish","type":"product","link":"https:\/\/www.streamlineseats.de\/page\/produkt\/custom-gepaecktraeger-fuer-lange-royal-alloy-sitzbank\/","title":{"rendered":"Custom-Gep\u00e4cktr\u00e4ger f\u00fcr lange Royal Alloy Sitzbank"},"content":{"rendered":"\t\t<div data-elementor-type=\"wp-post\" data-elementor-id=\"10281\" class=\"elementor elementor-10281\">\n\t\t\t\t\t\t<section class=\"elementor-section elementor-top-section elementor-element elementor-element-77b86a5d elementor-section-boxed elementor-section-height-default elementor-section-height-default\" data-id=\"77b86a5d\" data-element_type=\"section\">\n\t\t\t\t\t\t<div class=\"elementor-container elementor-column-gap-default\">\n\t\t\t\t\t<div class=\"elementor-column elementor-col-100 elementor-top-column elementor-element elementor-element-275bdc36\" data-id=\"275bdc36\" data-element_type=\"column\">\n\t\t\t<div class=\"elementor-widget-wrap elementor-element-populated\">\n\t\t\t\t\t\t<div class=\"elementor-element elementor-element-12ac125d elementor-widget elementor-widget-text-editor\" data-id=\"12ac125d\" data-element_type=\"widget\" data-widget_type=\"text-editor.default\">\n\t\t\t\t<div class=\"elementor-widget-container\">\n\t\t\t\t\t\t\t\t\t<p class=\"style2 f-fp\">Custom-Gep\u00e4cktr\u00e4ger f\u00fcr die Royal Alloy, perfekt kompatibel mit unserer langen Sitzbank.<\/p>\n<strong>Die wichtigsten Eigenschaften im \u00dcberblick:<\/strong>\n<ul>\n \t<li>Passend f\u00fcr alle Royal Alloy GP und TG Modelle<\/li>\n \t<li>Erh\u00e4ltlich in schwarz pulverbeschichtet und aus Edelstahl<\/li>\n<\/ul>\t\t\t\t\t\t\t\t<\/div>\n\t\t\t\t<\/div>\n\t\t\t\t\t<\/div>\n\t\t<\/div>\n\t\t\t\t\t<\/div>\n\t\t<\/section>\n\t\t\t\t<\/div>\n\t\t","protected":false},"excerpt":{"rendered":"<p>Custom-Gep\u00e4cktr\u00e4ger f\u00fcr die Royal Alloy GP und TG, perfekt kompatibel mit unserer langen Sitzbank.<\/p>\n","protected":false},"featured_media":10290,"template":"","meta":{"site-sidebar-layout":"default","site-content-layout":"default","ast-site-content-layout":"default","site-content-style":"default","site-sidebar-style":"default","ast-global-header-display":"","ast-banner-title-visibility":"","ast-main-header-display":"","ast-hfb-above-header-display":"","ast-hfb-below-header-display":"","ast-hfb-mobile-header-display":"","site-post-title":"","ast-breadcrumbs-content":"","ast-featured-img":"","footer-sml-layout":"","theme-transparent-header-meta":"default","adv-header-id-meta":"","stick-header-meta":"","header-above-stick-meta":"","header-main-stick-meta":"","header-below-stick-meta":"","astra-migrate-meta-layouts":"set","ast-page-background-enabled":"default","ast-page-background-meta":{"desktop":{"background-color":"","background-image":"","background-repeat":"repeat","background-position":"center center","background-size":"auto","background-attachment":"scroll","background-type":"","background-media":"","overlay-type":"","overlay-color":"","overlay-opacity":"","overlay-gradient":""},"tablet":{"background-color":"","background-image":"","background-repeat":"repeat","background-position":"center center","background-size":"auto","background-attachment":"scroll","background-type":"","background-media":"","overlay-type":"","overlay-color":"","overlay-opacity":"","overlay-gradient":""},"mobile":{"background-color":"","background-image":"","background-repeat":"repeat","background-position":"center center","background-size":"auto","background-attachment":"scroll","background-type":"","background-media":"","overlay-type":"","overlay-color":"","overlay-opacity":"","overlay-gradient":""}},"ast-content-background-meta":{"desktop":{"background-color":"var(--ast-global-color-5)","background-image":"","background-repeat":"repeat","background-position":"center center","background-size":"auto","background-attachment":"scroll","background-type":"","background-media":"","overlay-type":"","overlay-color":"","overlay-opacity":"","overlay-gradient":""},"tablet":{"background-color":"var(--ast-global-color-5)","background-image":"","background-repeat":"repeat","background-position":"center center","background-size":"auto","background-attachment":"scroll","background-type":"","background-media":"","overlay-type":"","overlay-color":"","overlay-opacity":"","overlay-gradient":""},"mobile":{"background-color":"var(--ast-global-color-5)","background-image":"","background-repeat":"repeat","background-position":"center center","background-size":"auto","background-attachment":"scroll","background-type":"","background-media":"","overlay-type":"","overlay-color":"","overlay-opacity":"","overlay-gradient":""}}},"product_brand":[],"product_cat":[69],"product_tag":[],"class_list":{"0":"post-10281","1":"product","2":"type-product","3":"status-publish","4":"has-post-thumbnail","6":"product_cat-zubehoer","7":"desktop-align-left","8":"tablet-align-left","9":"mobile-align-left","11":"first","12":"instock","13":"taxable","14":"shipping-taxable","15":"purchasable","16":"product-type-variable"},"_links":{"self":[{"href":"https:\/\/www.streamlineseats.de\/page\/wp-json\/wp\/v2\/product\/10281","targetHints":{"allow":["GET"]}}],"collection":[{"href":"https:\/\/www.streamlineseats.de\/page\/wp-json\/wp\/v2\/product"}],"about":[{"href":"https:\/\/www.streamlineseats.de\/page\/wp-json\/wp\/v2\/types\/product"}],"version-history":[{"count":10,"href":"https:\/\/www.streamlineseats.de\/page\/wp-json\/wp\/v2\/product\/10281\/revisions"}],"predecessor-version":[{"id":11143,"href":"https:\/\/www.streamlineseats.de\/page\/wp-json\/wp\/v2\/product\/10281\/revisions\/11143"}],"wp:featuredmedia":[{"embeddable":true,"href":"https:\/\/www.streamlineseats.de\/page\/wp-json\/wp\/v2\/media\/10290"}],"wp:attachment":[{"href":"https:\/\/www.streamlineseats.de\/page\/wp-json\/wp\/v2\/media?parent=10281"}],"wp:term":[{"taxonomy":"product_brand","embeddable":true,"href":"https:\/\/www.streamlineseats.de\/page\/wp-json\/wp\/v2\/product_brand?post=10281"},{"taxonomy":"product_cat","embeddable":true,"href":"https:\/\/www.streamlineseats.de\/page\/wp-json\/wp\/v2\/product_cat?post=10281"},{"taxonomy":"product_tag","embeddable":true,"href":"https:\/\/www.streamlineseats.de\/page\/wp-json\/wp\/v2\/product_tag?post=10281"}],"curies":[{"name":"wp","href":"https:\/\/api.w.org\/{rel}","templated":true}]}}