{"id":3304,"date":"2021-03-24T02:55:02","date_gmt":"2021-03-24T02:55:02","guid":{"rendered":"https:\/\/www.streamlineseats.de\/page\/?page_id=3304"},"modified":"2025-12-13T12:17:51","modified_gmt":"2025-12-13T12:17:51","slug":"agb","status":"publish","type":"page","link":"https:\/\/www.streamlineseats.de\/page\/agb\/","title":{"rendered":"AGB"},"content":{"rendered":"<p><strong>Allgemeine Gesch\u00e4ftsbedingungen (nachfolgend \u201eAGB\u201c)<br>der Firma \u201eStreamline Seats\u201c<\/strong><\/p><p><strong>1. Allgemeines<\/strong><\/p><p>1.1 Alle Angebote, die in dem Onlineshop der Firma Streamline Seats f\u00fcr den Kunden erbracht werden, sowie die Nutzung der Website \u201ewww.streamlineseats.de\u201c erfolgen ausschlie\u00dflich auf Grundlage der nachfolgenden AGBs. Abweichende Regelungen besitzen nur dann Geltung, wenn sie zwischen Streamline Seats und dem Kunden gesondert vereinbart wurden.<\/p><p>1.2 Der Kunde erkennt die aufgef\u00fchrten AGBs mit einem Kauf und dem daraus resultierenden Vertragsabschluss vollst\u00e4ndig an. Sollte eine Bestimmung dieser Allgemeinen Gesch\u00e4ftsbedingungen &#8211; aus welchem Grund auch immer &#8211; nichtig sein, bleibt die Geltung der \u00fcbrigen Bestimmungen hiervon unber\u00fchrt.<\/p><p><strong>2. Vertragsschluss im Onlineshop<\/strong><\/p><p>2.1 Die Pr\u00e4sentation der angebotenen Waren in dem Onlineshop von Streamline Seats stellt eine unverbindliche Aufforderung an den Kunden dar, Waren zu bestellen. Durch die Bestellung der gew\u00fcnschten Waren sowie die Best\u00e4tigung der AGBs gibt der Kunde ein verbindliches Angebot auf Abschluss eines rechtskr\u00e4ftigen Kaufvertrages ab.<\/p><p>2.2 Im Falle eines Vertragsabschlusses kommt der Vertrag mit der folgenden Firma zustande: <\/p><p><strong>Streamline Seats UG (haftungsbeschr\u00e4nkt)<\/strong><br><strong>Holger Wagner <\/strong><br><strong>Fasanenweg 4<br>56220 Bassenheim <br>Deutschland<\/strong><br><strong>E-Mail: info(at)streamlineseats.de<\/strong><\/p><p>2.3 Die Bestellung der Waren mit dem daraus resultierenden Vertragsabschluss l\u00e4uft nach folgendem Schema ab:<\/p><p>a. Auswahl der gew\u00fcnschten Warenrubrik (Sitzb\u00e4nke, Zubeh\u00f6r).<br>In der Warenrubrik \u201eSitzb\u00e4nke\u201c: Konfiguration der jeweiligen Sitzbank mit Hilfe des Konfigurators<\/p><p>b. Best\u00e4tigung der jeweiligen Produktauswahl durch Klick auf den Button \u201eBestellen\u201c<\/p><p>c. \u00dcberpr\u00fcfung und Best\u00e4tigen der korrekten Produktauswahl im Warenkorb<\/p><p>d. Eingabe der K\u00e4uferdaten (Name, Lieferadresse, E-Mailadresse, Land etc.)<\/p><p>e. Erneute \u00dcberpr\u00fcfung der eingegebenen Daten<\/p><p>f. Abschluss der verbindlichen Bestellung<\/p><p><strong>2.4 Sitzbank-Konfigurator \/ Vorschaudarstellung<\/strong><\/p><p>Der auf der Website <a href=\"http:\/\/www.streamlineseats.de\">www.streamlineseats.de<\/a> eingesetzte Sitzbank-Konfigurator dient ausschlie\u00dflich der unverbindlichen, visuellen Vorschau der vom Kunden ausgew\u00e4hlten Ausstattungs- und Designmerkmale.<\/p><p>Das durch den Konfigurator erzeugte Vorschaubild stellt keine ma\u00dfstabsgetreue, original- oder verbindliche Abbildung der tats\u00e4chlich hergestellten Sitzbank dar, sondern dient lediglich als Beispiel- und Orientierungshilfe.<\/p><p>Da jede Sitzbank individuell und in handwerklicher Einzelanfertigung nach Kundenwunsch hergestellt wird, kann es insbesondere aufgrund der manuellen Fertigung zu geringf\u00fcgigen Abweichungen gegen\u00fcber der dargestellten Vorschau kommen, etwa in Bezug auf Form, Polsterverlauf, Nahtf\u00fchrung, Materialspannung oder Farbwirkung.<\/p><p>Solche geringf\u00fcgigen, handwerks\u00fcblichen Abweichungen stellen keinen Mangel im Sinne der gesetzlichen Gew\u00e4hrleistungsrechte dar, sofern die Sitzbank den vereinbarten Eigenschaften und der gew\u00e4hlten Konfiguration im Wesentlichen entspricht.<\/p><p><strong>3. Zahlung und F\u00e4lligkeit<\/strong><\/p><p>3.1 Der erfolgreiche Eingang der Bestellung erfolgt durch die Versendung einer automatisch generierten E-Mail an den Kunden, welche jedoch noch keine offizielle Annahme des Auftrages darstellt.<\/p><p>3.2 Da die Sitzb\u00e4nke individuell nach Kundenwunsch angefertigt werden, wird von Streamline Seats ausschlie\u00dflich eine Zahlung per Vorkasse akzeptiert.<\/p><p>3.3 In der Bestellbest\u00e4tigung per E-Mail wird dem K\u00e4ufer die Bankverbindung sowie der \u00dcberweisungsbetreff mitgeteilt. Der K\u00e4ufer ist angehalten, den geforderten Gesamtbetrag umgehend und innerhalb einer Frist von 1 Woche auf das in der Bestellbest\u00e4tigung angegebene Konto zu \u00fcberweisen. Dem Kunden wird der Eingang des Betrages durch eine zweite E-Mail best\u00e4tigt. Erst nach Eingang des Betrages wird mit der Fertigung der jeweiligen Sitzbank begonnen. Die Fertigung der Sitzb\u00e4nke dauert ca. 3 Wochen zzgl. Versand.<\/p><p>3.4 Nach Ablauf einer Frist von 1 Woche ohne feststellbaren Zahlungseingang hat Streamline Seats das Recht, die Bestellung zu stornieren.<\/p><p><strong>4. Preise, Verpackungs- und Versandkosten<\/strong><\/p><p>4.1 Die Versandkosten von Streamline Seats sind einsehbar auf der Seite \u201c<a href=\"https:\/\/www.streamlineseats.de\/site\/de\/Recht\/versandkosten.html\">Versandkosten<\/a>\u201c.&nbsp;<\/p><p>4.2 Sollte der K\u00e4ufer laut Punkt 7 dieser AGB von seinem Widerrufsrecht f\u00fcr nicht individuell angefertigte Produkte (z.B. bei Bestellung einer Transporttasche) Gebrauch machen, so hat der K\u00e4ufer die Kosten der R\u00fccksendung nach g\u00fcltiger Erkl\u00e4rung des Widerrufs zu tragen.<\/p><p>4.3 Bis zur vollst\u00e4ndigen Bezahlung bleiben die gelieferten Waren im Eigentum von Streamline Seats (Eigentumsvorbehalt nach \u00a7\u00a7158, 449 BGB).<\/p><p><strong>5. Fertigungs- und Lieferzeiten<\/strong><\/p><p>5.1 Da die Sitzb\u00e4nke individuell angefertigt werden, kann die Herstellung dieser Produkte bis zu 3 Wochen betragen. Die Gesamtdauer der Lieferung f\u00fcr diese individuellen Produkte setzt sich aus der Fertigungszeit sowie der Lieferzeit des zustellenden Unternehmens zu der K\u00e4uferadresse zusammen.<br>&nbsp;<\/p><figure class=\"wp-block-table\"><table><tbody><tr><td>Zone<\/td><td><strong>Lieferzeit in Werktagen<\/strong><\/td><\/tr><tr><td>Germany<\/td><td>ca. 2-3<\/td><\/tr><tr><td>EU-Countries \u2013 Zone 1<\/td><td>ca. 5<\/td><\/tr><tr><td>World<\/td><td>15 &#8211; 25<\/td><\/tr><\/tbody><\/table><\/figure><p>5.2 Bei Lieferungsverz\u00f6gerungen (z.B. durch h\u00f6here Gewalt) kann kein Schadensersatzanspruch gegen Streamline Seats erhoben werden.<\/p><p><strong>6. R\u00fccktritt<\/strong><\/p><p>Streamline Seats beh\u00e4lt sich das Recht vor, ohne Angabe von Gr\u00fcnden vom Vertrag zur\u00fcckzutreten.<\/p><p><strong>7. Widerrufsrecht und Widerrufsfolgen<\/strong><\/p><p>7.1 Der Kunde hat das Recht, binnen vierzehn Tagen ohne Angabe von Gr\u00fcnden seinen Vertrag zu widerrufen. Die Widerrufsfrist betr\u00e4gt vierzehn Tage ab dem Tag, an dem der Kunde oder ein von ihm benannter Dritter, der nicht Bef\u00f6rderer ist, die Waren in Besitz genommen haben bzw. hat.<\/p><p>Um sein Widerrufsrecht auszu\u00fcben, muss der Kunde uns (Streamline Seats, Holger Wagner, Fasanenweg 4, 56220 Bassenheim, Deutschland, E-Mail: info(at)streamlineseats.de) mittels einer eindeutigen Erkl\u00e4rung (z.B. ein mit der Post versandter Brief oder eine E-Mail) \u00fcber seinen Entschluss, diesen Vertrag zu widerrufen, informieren. <\/p><p>7.2 Folgen den Widerrufs<\/p><p>Wenn der Kunde seinen Vertrag widerruft, haben wir dem Kunden alle Zahlungen, die wir von ihm erhalten haben, einschlie\u00dflich der Lieferkosten (mit Ausnahme der Kosten, die sich daraus ergeben, dass er eine andere Art der Lieferung als die von uns angebotene, g\u00fcnstigste Standardlieferung gew\u00e4hlt haben), unverz\u00fcglich und sp\u00e4testens vierzehn Tage ab dem Tag zur\u00fcckzuzahlen, an dem die Mitteilung \u00fcber Ihren Widerruf dieses Vertrages oder die Sache bei uns eingegangen ist. F\u00fcr diese R\u00fcckzahlung verwenden wir dasselbe Zahlungsmittel, das der Kunde bei der urspr\u00fcnglichen Transaktion eingesetzt hat, es sei denn, mit ihm wurde ausdr\u00fccklich etwas anderes vereinbart; in keinem Fall werden wir dem Kunden wegen dieser R\u00fcckzahlung Entgelte berechnet.<\/p><p>Wir k\u00f6nnen die R\u00fcckzahlung verweigern, bis wir die Waren wieder zur\u00fcckerhalten haben oder der Kunde den Nachweis erbracht hat, dass er die Waren zur\u00fcckgesandt hat, je nachdem, welches der fr\u00fchere Zeitpunkt ist.<\/p><p>Der Kunde hat die Waren unverz\u00fcglich und in jedem Fall sp\u00e4testens binnen vierzehn Tagen ab dem Tag, an dem er uns \u00fcber den Widerruf dieses Vertrages unterrichtet hat, an uns zur\u00fcckzusenden oder zu \u00fcbergeben. Die Frist ist gewahrt, wenn der Kunde die Waren vor Ablauf der Frist von vierzehn Tagen absendet.<br>Der Kunde tr\u00e4gt die unmittelbaren Kosten der R\u00fccksendung der Waren.<\/p><p>Der Kunde muss f\u00fcr einen etwaigen Wertverlust der Waren nur aufkommen, wenn dieser Wertverlust auf einer Pr\u00fcfung der Beschaffenheit, Eigenschaften und Funktionsweise der Waren nicht notwendigen Umgang durch ihn zur\u00fcckzuf\u00fchren ist.<\/p><p>7.3 Hinweis zu Ausnahmen<\/p><p>Das Widerrufsrecht besteht nicht bei Vertr\u00e4gen zur Lieferung von Waren, die nicht vorgefertigt sind und f\u00fcr deren Herstellung eine individuelle Auswahl oder Bestimmung durch den Verbraucher ma\u00dfgeblich ist oder die eindeutig auf die pers\u00f6nlichen Bed\u00fcrfnisse des Verbrauchers zugeschnitten sind. Speziell mit den Konfiguratoren auf Kundenwunsch angefertigte Sitzb\u00e4nke oder Ersatzradh\u00fcllen sind daher vom Umtausch ausgeschlossen.<\/p><p><strong>8. Gew\u00e4hrleistung<\/strong><\/p><p>8.1 Es gelten die gesetzlichen Regelungen \u00fcber die Gew\u00e4hrleistung (\u00a7\u00a7434 ff. BGB).<\/p><p>8.2 Sollten Transportsch\u00e4den an der Ware festgestellt werden, hat der Empf\u00e4nger unverz\u00fcglich eine Schadensmeldung gegen\u00fcber dem Frachtf\u00fchrer (Versanddienst) zu stellen. Sonstige erkennbare Transportsch\u00e4den sind sp\u00e4testens innerhalb von 3 Tagen nach Erhalt der Ware Streamline Seats gegen\u00fcber schriftlich geltend zu machen.<\/p><p>8.3 Streamline Seats haftet nicht f\u00fcr M\u00e4ngel, die infolge fehlerhafter Handhabung, normaler Abnutzung oder durch Fremdeinwirkung entstanden sind. Bei Reparaturen an der Ware in Eigenleistung oder durch Dritte ohne schriftliches Einverst\u00e4ndnis erlischt der Gew\u00e4hrleistungsanspruch gegen\u00fcber Streamline Seats.<\/p><p><strong>9. Haftungsbeschr\u00e4nkung<\/strong><\/p><p>9.1 Die Haftungsbeschr\u00e4nkung von Streamline Seats ist abrufbar unter \u201c<a href=\"https:\/\/www.streamlineseats.de\/site\/de\/Recht\/haftung.html\">Haftungsbeschr\u00e4nkung und Datenschutz<\/a>\u201c.<\/p><p>9.2 Die Haftung von Streamline Seats f\u00fcr schuldhaft verursachte Sch\u00e4den ist ausgeschlossen, soweit der Schaden nicht durch Vorsatz oder grobe Fahrl\u00e4ssigkeit herbeigef\u00fchrt wurde. Dies gilt nicht bei Sch\u00e4den aus der Verletzung des Lebens, des K\u00f6rpers oder der Gesundheit oder der schuldhaften Verletzung wesentlicher Vertragspflichten, d.h. solcher Pflichten, deren Erf\u00fcllung die ordnungsgem\u00e4\u00dfe Durchf\u00fchrung des Vertrages \u00fcberhaupt erst erm\u00f6glicht und auf deren Einhaltung der Kunde regelm\u00e4\u00dfig vertrauen darf (so genannte Kardinalpflichten).<\/p><p>Im Falle einer Verletzung wesentlicher Vertragspflichten, welche nicht auf Vorsatz oder grober Fahrl\u00e4ssigkeit beruht, beschr\u00e4nkt sich die Haftung von Streamline Seats auf den Schaden, den Streamline Seats bei Abschluss des Vertrages als m\u00f6gliche Folge der Vertragsverletzung vorausgesehen hat oder unter Ber\u00fccksichtigung der Umst\u00e4nde, die sie kannte oder kennen musste, h\u00e4tte voraussehen m\u00fcssen.<\/p><p>9.4 Die im Onlineshop von Streamline Seats angebotenen Sitzb\u00e4nke dienen lediglich Deko- und Showzwecken. Streamline Seats \u00fcbernimmt keinerlei Haftung f\u00fcr entstandene Sch\u00e4den, die bei der Verwendung von erstandenen Sitzb\u00e4nken im \u00f6ffentlichen Stra\u00dfenverkehr entstehen. Weiterhin \u00fcbernimmt Streamline Seats keinerlei Haftung f\u00fcr Sch\u00e4den, die durch eine falsche Bedienung, unsachgem\u00e4\u00dfe Montage oder nicht fachgerechte Reparatur entstehen.<\/p><p><strong>10. Datenschutz<\/strong><\/p><p>Die Datenschutzerkl\u00e4rung von Streamline Seats is abrufbar unter \u201c<a href=\"https:\/\/www.streamlineseats.de\/site\/de\/Recht\/haftung.html\">Haftungsbeschr\u00e4nkung und Datenschutz<\/a>\u201c.<\/p><p><strong>11. Copyright<\/strong><\/p><p>Alle dargestellten Fremdlogos, Bilder und Grafiken sind Eigentum der entsprechenden Firmen und unterliegen dem Copyright der entsprechenden Lizenzgeber. S\u00e4mtliche auf diesen Seiten dargestellten Fotos, Logos, Texte, Berichte, Skripte und Programmierroutinen d\u00fcrfen nicht ohne Einverst\u00e4ndnis von Streamline Seats kopiert oder anderweitig genutzt werden. Alle Rechte sind vorbehalten.<\/p><p><strong>12. Links auf unseren Seiten<\/strong><\/p><p>Mit Urteil des Landgerichts Hamburg vom 12. Mai 1998, Az. 312 O 85\/98 (\u201cHaftung f\u00fcr Links\u201d), hat dieses entschieden, dass man durch die Ausbringung eines Links die Inhalte der gelinkten Seite ggf. mitzuverantworten hat. Dies kann \u2013 so das LG Hamburg \u2013 nur dadurch verhindert werden, dass man sich ausdr\u00fccklich von diesen Inhalten distanziert. Streamline Seats distanziert sich deshalb hiermit ausdr\u00fccklich von allen Inhalten s\u00e4mtlicher gelinkten Seiten auf dieser Homepage. Diese Erkl\u00e4rung gilt f\u00fcr alle auf den Internetseiten von Streamline Seats angebrachten Links.<\/p><div class=\"woocommerce woocommerce-gzd woocommerce-gzd-complaints-shortcode\">\n\t\t\t<h3>Alternative Streitbeilegung gem\u00e4\u00df Art. 14 Abs. 1 ODR-VO und \u00a7 36 VSBG:<\/h3>\n\t\nZur Teilnahme an einem Streitbeilegungsverfahren vor einer Verbraucherschlichtungsstelle sind wir nicht verpflichtet und nicht bereit.<\/div><p><\/p>","protected":false},"excerpt":{"rendered":"<p>Allgemeine Gesch\u00e4ftsbedingungen (nachfolgend \u201eAGB\u201c)der Firma \u201eStreamline Seats\u201c 1. Allgemeines 1.1 Alle Angebote, die in dem Onlineshop der Firma Streamline Seats f\u00fcr den Kunden erbracht werden, sowie die Nutzung der Website \u201ewww.streamlineseats.de\u201c erfolgen ausschlie\u00dflich auf Grundlage der nachfolgenden AGBs. Abweichende Regelungen besitzen nur dann Geltung, wenn sie zwischen Streamline Seats und dem Kunden gesondert vereinbart wurden. [&hellip;]<\/p>\n","protected":false},"author":1,"featured_media":0,"parent":0,"menu_order":0,"comment_status":"closed","ping_status":"closed","template":"","meta":{"site-sidebar-layout":"default","site-content-layout":"default","ast-site-content-layout":"default","site-content-style":"default","site-sidebar-style":"default","ast-global-header-display":"","ast-banner-title-visibility":"","ast-main-header-display":"","ast-hfb-above-header-display":"","ast-hfb-below-header-display":"","ast-hfb-mobile-header-display":"","site-post-title":"","ast-breadcrumbs-content":"","ast-featured-img":"","footer-sml-layout":"","theme-transparent-header-meta":"default","adv-header-id-meta":"","stick-header-meta":"","header-above-stick-meta":"","header-main-stick-meta":"","header-below-stick-meta":"","astra-migrate-meta-layouts":"set","ast-page-background-enabled":"default","ast-page-background-meta":{"desktop":{"background-color":"","background-image":"","background-repeat":"repeat","background-position":"center center","background-size":"auto","background-attachment":"scroll","background-type":"","background-media":"","overlay-type":"","overlay-color":"","overlay-opacity":"","overlay-gradient":""},"tablet":{"background-color":"","background-image":"","background-repeat":"repeat","background-position":"center center","background-size":"auto","background-attachment":"scroll","background-type":"","background-media":"","overlay-type":"","overlay-color":"","overlay-opacity":"","overlay-gradient":""},"mobile":{"background-color":"","background-image":"","background-repeat":"repeat","background-position":"center center","background-size":"auto","background-attachment":"scroll","background-type":"","background-media":"","overlay-type":"","overlay-color":"","overlay-opacity":"","overlay-gradient":""}},"ast-content-background-meta":{"desktop":{"background-color":"var(--ast-global-color-5)","background-image":"","background-repeat":"repeat","background-position":"center center","background-size":"auto","background-attachment":"scroll","background-type":"","background-media":"","overlay-type":"","overlay-color":"","overlay-opacity":"","overlay-gradient":""},"tablet":{"background-color":"var(--ast-global-color-5)","background-image":"","background-repeat":"repeat","background-position":"center center","background-size":"auto","background-attachment":"scroll","background-type":"","background-media":"","overlay-type":"","overlay-color":"","overlay-opacity":"","overlay-gradient":""},"mobile":{"background-color":"var(--ast-global-color-5)","background-image":"","background-repeat":"repeat","background-position":"center center","background-size":"auto","background-attachment":"scroll","background-type":"","background-media":"","overlay-type":"","overlay-color":"","overlay-opacity":"","overlay-gradient":""}},"footnotes":""},"class_list":["post-3304","page","type-page","status-publish","hentry"],"_links":{"self":[{"href":"https:\/\/www.streamlineseats.de\/page\/wp-json\/wp\/v2\/pages\/3304","targetHints":{"allow":["GET"]}}],"collection":[{"href":"https:\/\/www.streamlineseats.de\/page\/wp-json\/wp\/v2\/pages"}],"about":[{"href":"https:\/\/www.streamlineseats.de\/page\/wp-json\/wp\/v2\/types\/page"}],"author":[{"embeddable":true,"href":"https:\/\/www.streamlineseats.de\/page\/wp-json\/wp\/v2\/users\/1"}],"replies":[{"embeddable":true,"href":"https:\/\/www.streamlineseats.de\/page\/wp-json\/wp\/v2\/comments?post=3304"}],"version-history":[{"count":13,"href":"https:\/\/www.streamlineseats.de\/page\/wp-json\/wp\/v2\/pages\/3304\/revisions"}],"predecessor-version":[{"id":11657,"href":"https:\/\/www.streamlineseats.de\/page\/wp-json\/wp\/v2\/pages\/3304\/revisions\/11657"}],"wp:attachment":[{"href":"https:\/\/www.streamlineseats.de\/page\/wp-json\/wp\/v2\/media?parent=3304"}],"curies":[{"name":"wp","href":"https:\/\/api.w.org\/{rel}","templated":true}]}}