{"id":9740,"date":"2024-03-31T09:57:47","date_gmt":"2024-03-31T09:57:47","guid":{"rendered":"https:\/\/www.streamlineseats.de\/page\/?post_type=product&#038;p=9740"},"modified":"2024-03-31T10:45:15","modified_gmt":"2024-03-31T10:45:15","slug":"scharnier-upgrade-lambretta-serie-1-3","status":"publish","type":"product","link":"https:\/\/www.streamlineseats.de\/page\/en\/product\/scharnier-upgrade-lambretta-serie-1-3\/","title":{"rendered":"Scharnier-Upgrade Lambretta Serie 1-3"},"content":{"rendered":"<section class=\"elementor-section elementor-inner-section elementor-element elementor-element-b13b888 elementor-section-boxed elementor-section-height-default elementor-section-height-default\" data-id=\"b13b888\" data-element_type=\"section\">\n<div class=\"elementor-container elementor-column-gap-default\">\n<div class=\"elementor-row\">\n<div class=\"elementor-column elementor-col-100 elementor-inner-column elementor-element elementor-element-440a8a6\" data-id=\"440a8a6\" data-element_type=\"column\">\n<div class=\"elementor-column-wrap elementor-element-populated\">\n<div class=\"elementor-widget-wrap\">\n<div class=\"elementor-element elementor-element-c476f6d elementor-widget elementor-widget-text-editor\" data-id=\"c476f6d\" data-element_type=\"widget\" data-widget_type=\"text-editor.default\">\n<div class=\"elementor-widget-container\">\n<div class=\"elementor-text-editor elementor-clearfix\">\n<p>Als besonderes Highlight bieten wir f\u00fcr alle unsere Lambretta Sitzb\u00e4nke zus\u00e4tzlich ein Hightech-Scharnier als besondere Upgradem\u00f6glichkeit an. Mit Hilfe dieses \u00e4u\u00dferst praktischen Bauteils wird das Standardbefestigungssystem ersetzt, die Handhabung der Sitzbank optimiert und jeder Roller durch ein weiteres optisches Highlight in Szene gesetzt.<br \/>\nAll our hinges are 100% made in Germany.<\/p>\n<p><strong>Properties:<\/strong><\/p>\n<ul>\n<li>passend f\u00fcr Lambretta Serie 1-3<\/li>\n<li>Made of high-strength stainless steel<\/li>\n<li>Seat remains lockable<\/li>\n<li>Preis: 109 \u20ac inklusive allem notwenigen Befestigungsmaterial, Montageanleitung und neuem Deckblech<\/li>\n<li>The hinge is delivered as a kit<\/li>\n<\/ul>\n<\/div>\n<\/div>\n<\/div>\n<\/div>\n<\/div>\n<\/div>\n<\/div>\n<\/div>\n<\/section>","protected":false},"excerpt":{"rendered":"<p>Als besonderes Highlight bieten wir f\u00fcr alle unsere Lambretta Sitzb\u00e4nke zus\u00e4tzlich ein Hightech-Scharnier als besondere Upgradem\u00f6glichkeit an. Mit Hilfe dieses \u00e4u\u00dferst praktischen Bauteils wird das Standardbefestigungssystem ersetzt, die Handhabung der Sitzbank optimiert und jeder Roller durch ein weiteres optisches Highlight in Szene gesetzt. Alle unsere Scharniere sind 100% Made in Germany. Die wichtigsten Eigenschaften im [&hellip;]<\/p>","protected":false},"featured_media":9748,"template":"","meta":{"site-sidebar-layout":"default","site-content-layout":"default","ast-site-content-layout":"default","site-content-style":"default","site-sidebar-style":"default","ast-global-header-display":"","ast-banner-title-visibility":"","ast-main-header-display":"","ast-hfb-above-header-display":"","ast-hfb-below-header-display":"","ast-hfb-mobile-header-display":"","site-post-title":"","ast-breadcrumbs-content":"","ast-featured-img":"","footer-sml-layout":"","theme-transparent-header-meta":"default","adv-header-id-meta":"","stick-header-meta":"","header-above-stick-meta":"","header-main-stick-meta":"","header-below-stick-meta":"","astra-migrate-meta-layouts":"set","ast-page-background-enabled":"default","ast-page-background-meta":{"desktop":{"background-color":"","background-image":"","background-repeat":"repeat","background-position":"center center","background-size":"auto","background-attachment":"scroll","background-type":"","background-media":"","overlay-type":"","overlay-color":"","overlay-opacity":"","overlay-gradient":""},"tablet":{"background-color":"","background-image":"","background-repeat":"repeat","background-position":"center center","background-size":"auto","background-attachment":"scroll","background-type":"","background-media":"","overlay-type":"","overlay-color":"","overlay-opacity":"","overlay-gradient":""},"mobile":{"background-color":"","background-image":"","background-repeat":"repeat","background-position":"center center","background-size":"auto","background-attachment":"scroll","background-type":"","background-media":"","overlay-type":"","overlay-color":"","overlay-opacity":"","overlay-gradient":""}},"ast-content-background-meta":{"desktop":{"background-color":"var(--ast-global-color-5)","background-image":"","background-repeat":"repeat","background-position":"center center","background-size":"auto","background-attachment":"scroll","background-type":"","background-media":"","overlay-type":"","overlay-color":"","overlay-opacity":"","overlay-gradient":""},"tablet":{"background-color":"var(--ast-global-color-5)","background-image":"","background-repeat":"repeat","background-position":"center center","background-size":"auto","background-attachment":"scroll","background-type":"","background-media":"","overlay-type":"","overlay-color":"","overlay-opacity":"","overlay-gradient":""},"mobile":{"background-color":"var(--ast-global-color-5)","background-image":"","background-repeat":"repeat","background-position":"center center","background-size":"auto","background-attachment":"scroll","background-type":"","background-media":"","overlay-type":"","overlay-color":"","overlay-opacity":"","overlay-gradient":""}}},"product_brand":[],"product_cat":[81],"product_tag":[],"class_list":{"0":"post-9740","1":"product","2":"type-product","3":"status-publish","4":"has-post-thumbnail","6":"product_cat-scharniere","7":"desktop-align-left","8":"tablet-align-left","9":"mobile-align-left","11":"first","12":"instock","13":"taxable","14":"shipping-taxable","15":"purchasable","16":"product-type-simple"},"_links":{"self":[{"href":"https:\/\/www.streamlineseats.de\/page\/en\/wp-json\/wp\/v2\/product\/9740","targetHints":{"allow":["GET"]}}],"collection":[{"href":"https:\/\/www.streamlineseats.de\/page\/en\/wp-json\/wp\/v2\/product"}],"about":[{"href":"https:\/\/www.streamlineseats.de\/page\/en\/wp-json\/wp\/v2\/types\/product"}],"version-history":[{"count":4,"href":"https:\/\/www.streamlineseats.de\/page\/en\/wp-json\/wp\/v2\/product\/9740\/revisions"}],"predecessor-version":[{"id":9756,"href":"https:\/\/www.streamlineseats.de\/page\/en\/wp-json\/wp\/v2\/product\/9740\/revisions\/9756"}],"wp:featuredmedia":[{"embeddable":true,"href":"https:\/\/www.streamlineseats.de\/page\/en\/wp-json\/wp\/v2\/media\/9748"}],"wp:attachment":[{"href":"https:\/\/www.streamlineseats.de\/page\/en\/wp-json\/wp\/v2\/media?parent=9740"}],"wp:term":[{"taxonomy":"product_brand","embeddable":true,"href":"https:\/\/www.streamlineseats.de\/page\/en\/wp-json\/wp\/v2\/product_brand?post=9740"},{"taxonomy":"product_cat","embeddable":true,"href":"https:\/\/www.streamlineseats.de\/page\/en\/wp-json\/wp\/v2\/product_cat?post=9740"},{"taxonomy":"product_tag","embeddable":true,"href":"https:\/\/www.streamlineseats.de\/page\/en\/wp-json\/wp\/v2\/product_tag?post=9740"}],"curies":[{"name":"wp","href":"https:\/\/api.w.org\/{rel}","templated":true}]}}