{"id":3002,"date":"2021-02-22T09:07:20","date_gmt":"2021-02-22T09:07:20","guid":{"rendered":"https:\/\/www.streamlineseats.de\/page\/?post_type=product&#038;p=3002"},"modified":"2024-02-09T08:33:52","modified_gmt":"2024-02-09T08:33:52","slug":"flatcap-vergaserdeckel-pwk-28","status":"publish","type":"product","link":"https:\/\/www.streamlineseats.de\/page\/en\/product\/flatcap-vergaserdeckel-pwk-28\/","title":{"rendered":"FlatCap carburetor cap Keihin PWK 28"},"content":{"rendered":"<div id=\"oneWrapper\">\n<div id=\"one\" class=\"one\">\n<p class=\"style2 f-fp\">The FlatCap carburetor cap was developed to offer a genuine alternative to conventional carburetor covers and to counteract the tight space conditions under the side panels or inside the Vespa frame.<\/p>\n<p>Der FlatCap Vergaserdeckel wird zu 100% aus Aluminium gefertigt und er verhindert durch seine flache Bauform unter anderem ein Ansto\u00dfen des Vergasers am Vespa-Rahmen w\u00e4hrend des Einfederungsvorgangs. Durch die innenliegende Umlenkrolle entsteht dar\u00fcber hinaus nur eine minimale Reibung am Gaszug wodurch Abnutzungen am Seilzug in diesem Bereich der Vergangenheit angeh\u00f6ren.<\/p>\n<p><strong>Properties:<\/strong><\/p>\n<ul>\n<li>Suitable for Keihin PWK 28 carburetors or identical carburetor types<\/li>\n<li>Made entirely from high-strength aluminium<\/li>\n<li>Internal cable pulley<\/li>\n<\/ul>\n<p class=\"f-lp\">The adjusting screw and the seal must be taken from the original carburetor cap.<\/p>\n<\/div>\n<\/div>","protected":false},"excerpt":{"rendered":"<p>The FlatCap carburetor cap was developed to offer a genuine alternative to conventional carburetor covers and to counteract the tight space conditions under the side panels or inside the Vespa frame.<\/p>","protected":false},"featured_media":6913,"template":"","meta":{"site-sidebar-layout":"default","site-content-layout":"default","ast-site-content-layout":"default","site-content-style":"default","site-sidebar-style":"default","ast-global-header-display":"","ast-banner-title-visibility":"","ast-main-header-display":"","ast-hfb-above-header-display":"","ast-hfb-below-header-display":"","ast-hfb-mobile-header-display":"","site-post-title":"","ast-breadcrumbs-content":"","ast-featured-img":"","footer-sml-layout":"","theme-transparent-header-meta":"default","adv-header-id-meta":"","stick-header-meta":"","header-above-stick-meta":"","header-main-stick-meta":"","header-below-stick-meta":"","astra-migrate-meta-layouts":"set","ast-page-background-enabled":"default","ast-page-background-meta":{"desktop":{"background-color":"","background-image":"","background-repeat":"repeat","background-position":"center center","background-size":"auto","background-attachment":"scroll","background-type":"","background-media":"","overlay-type":"","overlay-color":"","overlay-opacity":"","overlay-gradient":""},"tablet":{"background-color":"","background-image":"","background-repeat":"repeat","background-position":"center center","background-size":"auto","background-attachment":"scroll","background-type":"","background-media":"","overlay-type":"","overlay-color":"","overlay-opacity":"","overlay-gradient":""},"mobile":{"background-color":"","background-image":"","background-repeat":"repeat","background-position":"center center","background-size":"auto","background-attachment":"scroll","background-type":"","background-media":"","overlay-type":"","overlay-color":"","overlay-opacity":"","overlay-gradient":""}},"ast-content-background-meta":{"desktop":{"background-color":"var(--ast-global-color-5)","background-image":"","background-repeat":"repeat","background-position":"center center","background-size":"auto","background-attachment":"scroll","background-type":"","background-media":"","overlay-type":"","overlay-color":"","overlay-opacity":"","overlay-gradient":""},"tablet":{"background-color":"var(--ast-global-color-5)","background-image":"","background-repeat":"repeat","background-position":"center center","background-size":"auto","background-attachment":"scroll","background-type":"","background-media":"","overlay-type":"","overlay-color":"","overlay-opacity":"","overlay-gradient":""},"mobile":{"background-color":"var(--ast-global-color-5)","background-image":"","background-repeat":"repeat","background-position":"center center","background-size":"auto","background-attachment":"scroll","background-type":"","background-media":"","overlay-type":"","overlay-color":"","overlay-opacity":"","overlay-gradient":""}}},"product_brand":[],"product_cat":[79],"product_tag":[],"class_list":{"0":"post-3002","1":"product","2":"type-product","3":"status-publish","4":"has-post-thumbnail","6":"product_cat-flatcap-vergaserdeckel","7":"desktop-align-left","8":"tablet-align-left","9":"mobile-align-left","11":"first","12":"instock","13":"taxable","14":"shipping-taxable","15":"purchasable","16":"product-type-simple"},"_links":{"self":[{"href":"https:\/\/www.streamlineseats.de\/page\/en\/wp-json\/wp\/v2\/product\/3002","targetHints":{"allow":["GET"]}}],"collection":[{"href":"https:\/\/www.streamlineseats.de\/page\/en\/wp-json\/wp\/v2\/product"}],"about":[{"href":"https:\/\/www.streamlineseats.de\/page\/en\/wp-json\/wp\/v2\/types\/product"}],"version-history":[{"count":7,"href":"https:\/\/www.streamlineseats.de\/page\/en\/wp-json\/wp\/v2\/product\/3002\/revisions"}],"predecessor-version":[{"id":8097,"href":"https:\/\/www.streamlineseats.de\/page\/en\/wp-json\/wp\/v2\/product\/3002\/revisions\/8097"}],"wp:featuredmedia":[{"embeddable":true,"href":"https:\/\/www.streamlineseats.de\/page\/en\/wp-json\/wp\/v2\/media\/6913"}],"wp:attachment":[{"href":"https:\/\/www.streamlineseats.de\/page\/en\/wp-json\/wp\/v2\/media?parent=3002"}],"wp:term":[{"taxonomy":"product_brand","embeddable":true,"href":"https:\/\/www.streamlineseats.de\/page\/en\/wp-json\/wp\/v2\/product_brand?post=3002"},{"taxonomy":"product_cat","embeddable":true,"href":"https:\/\/www.streamlineseats.de\/page\/en\/wp-json\/wp\/v2\/product_cat?post=3002"},{"taxonomy":"product_tag","embeddable":true,"href":"https:\/\/www.streamlineseats.de\/page\/en\/wp-json\/wp\/v2\/product_tag?post=3002"}],"curies":[{"name":"wp","href":"https:\/\/api.w.org\/{rel}","templated":true}]}}