{"id":7624,"date":"2023-12-18T07:28:48","date_gmt":"2023-12-18T07:28:48","guid":{"rendered":"https:\/\/www.streamlineseats.de\/page\/?page_id=7624"},"modified":"2024-08-09T06:43:35","modified_gmt":"2024-08-09T06:43:35","slug":"royal-alloy-lange-version","status":"publish","type":"page","link":"https:\/\/www.streamlineseats.de\/page\/en\/royal-alloy-lange-version\/","title":{"rendered":"Royal Alloy &#8211; Lange Version"},"content":{"rendered":"<div data-elementor-type=\"wp-page\" data-elementor-id=\"7624\" class=\"elementor elementor-7624\">\n\t\t\t\t\t\t<section class=\"elementor-section elementor-top-section elementor-element elementor-element-wdrbexw elementor-section-height-min-height elementor-section-boxed elementor-section-height-default elementor-section-items-middle\" data-id=\"wdrbexw\" data-element_type=\"section\" data-settings=\"{&quot;background_background&quot;:&quot;classic&quot;}\">\n\t\t\t\t\t\t\t<div class=\"elementor-background-overlay\"><\/div>\n\t\t\t\t\t\t\t<div class=\"elementor-container elementor-column-gap-default\">\n\t\t\t\t\t<div class=\"elementor-column elementor-col-100 elementor-top-column elementor-element elementor-element-52a255f1\" data-id=\"52a255f1\" data-element_type=\"column\">\n\t\t\t<div class=\"elementor-widget-wrap elementor-element-populated\">\n\t\t\t\t\t\t<div class=\"elementor-element elementor-element-1c9a148 elementor-widget elementor-widget-spacer\" data-id=\"1c9a148\" data-element_type=\"widget\" data-widget_type=\"spacer.default\">\n\t\t\t\t<div class=\"elementor-widget-container\">\n\t\t\t\t\t\t\t<div class=\"elementor-spacer\">\n\t\t\t<div class=\"elementor-spacer-inner\"><\/div>\n\t\t<\/div>\n\t\t\t\t\t\t<\/div>\n\t\t\t\t<\/div>\n\t\t\t\t<div class=\"elementor-element elementor-element-73d4426 elementor-widget elementor-widget-heading\" data-id=\"73d4426\" data-element_type=\"widget\" data-widget_type=\"heading.default\">\n\t\t\t\t<div class=\"elementor-widget-container\">\n\t\t\t\t\t<h2 class=\"elementor-heading-title elementor-size-default\">Sport Seat Grid Long<\/h2>\t\t\t\t<\/div>\n\t\t\t\t<\/div>\n\t\t\t\t\t<\/div>\n\t\t<\/div>\n\t\t\t\t\t<\/div>\n\t\t<\/section>\n\t\t\t\t<section class=\"elementor-section elementor-top-section elementor-element elementor-element-0b3f2ad elementor-section-boxed elementor-section-height-default elementor-section-height-default\" data-id=\"0b3f2ad\" data-element_type=\"section\">\n\t\t\t\t\t\t<div class=\"elementor-container elementor-column-gap-default\">\n\t\t\t\t\t<div class=\"elementor-column elementor-col-100 elementor-top-column elementor-element elementor-element-6738b82\" data-id=\"6738b82\" data-element_type=\"column\">\n\t\t\t<div class=\"elementor-widget-wrap elementor-element-populated\">\n\t\t\t\t\t\t<div class=\"elementor-element elementor-element-ecaea14 elementor-widget elementor-widget-spacer\" data-id=\"ecaea14\" data-element_type=\"widget\" data-widget_type=\"spacer.default\">\n\t\t\t\t<div class=\"elementor-widget-container\">\n\t\t\t\t\t\t\t<div class=\"elementor-spacer\">\n\t\t\t<div class=\"elementor-spacer-inner\"><\/div>\n\t\t<\/div>\n\t\t\t\t\t\t<\/div>\n\t\t\t\t<\/div>\n\t\t\t\t<div class=\"elementor-element elementor-element-829d30e elementor-widget elementor-widget-spacer\" data-id=\"829d30e\" data-element_type=\"widget\" data-widget_type=\"spacer.default\">\n\t\t\t\t<div class=\"elementor-widget-container\">\n\t\t\t\t\t\t\t<div class=\"elementor-spacer\">\n\t\t\t<div class=\"elementor-spacer-inner\"><\/div>\n\t\t<\/div>\n\t\t\t\t\t\t<\/div>\n\t\t\t\t<\/div>\n\t\t\t\t\t<\/div>\n\t\t<\/div>\n\t\t\t\t\t<\/div>\n\t\t<\/section>\n\t\t\t\t<section class=\"elementor-section elementor-top-section elementor-element elementor-element-4728d06 elementor-section-boxed elementor-section-height-default elementor-section-height-default\" data-id=\"4728d06\" data-element_type=\"section\">\n\t\t\t\t\t\t<div class=\"elementor-container elementor-column-gap-default\">\n\t\t\t\t\t<div class=\"elementor-column elementor-col-50 elementor-top-column elementor-element elementor-element-74f35cd\" data-id=\"74f35cd\" data-element_type=\"column\">\n\t\t\t<div class=\"elementor-widget-wrap elementor-element-populated\">\n\t\t\t\t\t\t<div class=\"elementor-element elementor-element-97840b1 elementor-widget elementor-widget-spacer\" data-id=\"97840b1\" data-element_type=\"widget\" data-widget_type=\"spacer.default\">\n\t\t\t\t<div class=\"elementor-widget-container\">\n\t\t\t\t\t\t\t<div class=\"elementor-spacer\">\n\t\t\t<div class=\"elementor-spacer-inner\"><\/div>\n\t\t<\/div>\n\t\t\t\t\t\t<\/div>\n\t\t\t\t<\/div>\n\t\t\t\t<div class=\"elementor-element elementor-element-70f69b0 elementor-hidden-mobile elementor-widget elementor-widget-image\" data-id=\"70f69b0\" data-element_type=\"widget\" data-widget_type=\"image.default\">\n\t\t\t\t<div class=\"elementor-widget-container\">\n\t\t\t\t\t\t\t\t\t\t\t\t\t\t\t<img fetchpriority=\"high\" decoding=\"async\" width=\"1024\" height=\"768\" src=\"https:\/\/www.streamlineseats.de\/page\/wp-content\/uploads\/2023\/12\/Royal_Alloy_Long_5-1024x768.jpg\" class=\"attachment-large size-large wp-image-7605\" alt=\"\" srcset=\"https:\/\/www.streamlineseats.de\/page\/wp-content\/uploads\/2023\/12\/Royal_Alloy_Long_5-1024x768.jpg 1024w, https:\/\/www.streamlineseats.de\/page\/wp-content\/uploads\/2023\/12\/Royal_Alloy_Long_5-300x225.jpg 300w, https:\/\/www.streamlineseats.de\/page\/wp-content\/uploads\/2023\/12\/Royal_Alloy_Long_5-768x576.jpg 768w, https:\/\/www.streamlineseats.de\/page\/wp-content\/uploads\/2023\/12\/Royal_Alloy_Long_5-1536x1152.jpg 1536w, https:\/\/www.streamlineseats.de\/page\/wp-content\/uploads\/2023\/12\/Royal_Alloy_Long_5-16x12.jpg 16w, https:\/\/www.streamlineseats.de\/page\/wp-content\/uploads\/2023\/12\/Royal_Alloy_Long_5-600x450.jpg 600w, https:\/\/www.streamlineseats.de\/page\/wp-content\/uploads\/2023\/12\/Royal_Alloy_Long_5.jpg 1600w\" sizes=\"(max-width: 1024px) 100vw, 1024px\" \/>\t\t\t\t\t\t\t\t\t\t\t\t\t\t\t<\/div>\n\t\t\t\t<\/div>\n\t\t\t\t<div class=\"elementor-element elementor-element-0751ced elementor-widget elementor-widget-image-gallery\" data-id=\"0751ced\" data-element_type=\"widget\" data-widget_type=\"image-gallery.default\">\n\t\t\t\t<div class=\"elementor-widget-container\">\n\t\t\t\t\t\t\t<div class=\"elementor-image-gallery\">\n\t\t\t<div id='gallery-1' class='gallery galleryid-7624 gallery-columns-4 gallery-size-woocommerce_thumbnail'><figure class='gallery-item'>\n\t\t\t<div class='gallery-icon landscape'>\n\t\t\t\t<a data-elementor-open-lightbox=\"yes\" data-elementor-lightbox-slideshow=\"0751ced\" data-e-action-hash=\"#elementor-action%3Aaction%3Dlightbox%26settings%3DeyJpZCI6NzYwNSwidXJsIjoiaHR0cHM6XC9cL3d3dy5zdHJlYW1saW5lc2VhdHMuZGVcL3BhZ2VcL3dwLWNvbnRlbnRcL3VwbG9hZHNcLzIwMjNcLzEyXC9Sb3lhbF9BbGxveV9Mb25nXzUuanBnIiwic2xpZGVzaG93IjoiMDc1MWNlZCJ9\" href='https:\/\/www.streamlineseats.de\/page\/wp-content\/uploads\/2023\/12\/Royal_Alloy_Long_5.jpg'><img decoding=\"async\" width=\"300\" height=\"300\" src=\"https:\/\/www.streamlineseats.de\/page\/wp-content\/uploads\/2023\/12\/Royal_Alloy_Long_5-300x300.jpg\" class=\"attachment-woocommerce_thumbnail size-woocommerce_thumbnail\" alt=\"\" srcset=\"https:\/\/www.streamlineseats.de\/page\/wp-content\/uploads\/2023\/12\/Royal_Alloy_Long_5-300x300.jpg 300w, https:\/\/www.streamlineseats.de\/page\/wp-content\/uploads\/2023\/12\/Royal_Alloy_Long_5-150x150.jpg 150w, https:\/\/www.streamlineseats.de\/page\/wp-content\/uploads\/2023\/12\/Royal_Alloy_Long_5-100x100.jpg 100w\" sizes=\"(max-width: 300px) 100vw, 300px\" \/><\/a>\n\t\t\t<\/div><\/figure><figure class='gallery-item'>\n\t\t\t<div class='gallery-icon landscape'>\n\t\t\t\t<a data-elementor-open-lightbox=\"yes\" data-elementor-lightbox-slideshow=\"0751ced\" data-e-action-hash=\"#elementor-action%3Aaction%3Dlightbox%26settings%3DeyJpZCI6NzYwNiwidXJsIjoiaHR0cHM6XC9cL3d3dy5zdHJlYW1saW5lc2VhdHMuZGVcL3BhZ2VcL3dwLWNvbnRlbnRcL3VwbG9hZHNcLzIwMjNcLzEyXC9Sb3lhbF9BbGxveV9Mb25nXzYuanBnIiwic2xpZGVzaG93IjoiMDc1MWNlZCJ9\" href='https:\/\/www.streamlineseats.de\/page\/wp-content\/uploads\/2023\/12\/Royal_Alloy_Long_6.jpg'><img decoding=\"async\" width=\"300\" height=\"300\" src=\"https:\/\/www.streamlineseats.de\/page\/wp-content\/uploads\/2023\/12\/Royal_Alloy_Long_6-300x300.jpg\" class=\"attachment-woocommerce_thumbnail size-woocommerce_thumbnail\" alt=\"\" srcset=\"https:\/\/www.streamlineseats.de\/page\/wp-content\/uploads\/2023\/12\/Royal_Alloy_Long_6-300x300.jpg 300w, https:\/\/www.streamlineseats.de\/page\/wp-content\/uploads\/2023\/12\/Royal_Alloy_Long_6-150x150.jpg 150w, https:\/\/www.streamlineseats.de\/page\/wp-content\/uploads\/2023\/12\/Royal_Alloy_Long_6-100x100.jpg 100w\" sizes=\"(max-width: 300px) 100vw, 300px\" \/><\/a>\n\t\t\t<\/div><\/figure><figure class='gallery-item'>\n\t\t\t<div class='gallery-icon portrait'>\n\t\t\t\t<a data-elementor-open-lightbox=\"yes\" data-elementor-lightbox-slideshow=\"0751ced\" data-e-action-hash=\"#elementor-action%3Aaction%3Dlightbox%26settings%3DeyJpZCI6NzYwNCwidXJsIjoiaHR0cHM6XC9cL3d3dy5zdHJlYW1saW5lc2VhdHMuZGVcL3BhZ2VcL3dwLWNvbnRlbnRcL3VwbG9hZHNcLzIwMjNcLzEyXC9Sb3lhbF9BbGxveV9Mb25nXzQuanBnIiwic2xpZGVzaG93IjoiMDc1MWNlZCJ9\" href='https:\/\/www.streamlineseats.de\/page\/wp-content\/uploads\/2023\/12\/Royal_Alloy_Long_4.jpg'><img loading=\"lazy\" decoding=\"async\" width=\"300\" height=\"300\" src=\"https:\/\/www.streamlineseats.de\/page\/wp-content\/uploads\/2023\/12\/Royal_Alloy_Long_4-300x300.jpg\" class=\"attachment-woocommerce_thumbnail size-woocommerce_thumbnail\" alt=\"\" srcset=\"https:\/\/www.streamlineseats.de\/page\/wp-content\/uploads\/2023\/12\/Royal_Alloy_Long_4-300x300.jpg 300w, https:\/\/www.streamlineseats.de\/page\/wp-content\/uploads\/2023\/12\/Royal_Alloy_Long_4-150x150.jpg 150w, https:\/\/www.streamlineseats.de\/page\/wp-content\/uploads\/2023\/12\/Royal_Alloy_Long_4-100x100.jpg 100w\" sizes=\"(max-width: 300px) 100vw, 300px\" \/><\/a>\n\t\t\t<\/div><\/figure><figure class='gallery-item'>\n\t\t\t<div class='gallery-icon portrait'>\n\t\t\t\t<a data-elementor-open-lightbox=\"yes\" data-elementor-lightbox-slideshow=\"0751ced\" data-e-action-hash=\"#elementor-action%3Aaction%3Dlightbox%26settings%3DeyJpZCI6NzYwMywidXJsIjoiaHR0cHM6XC9cL3d3dy5zdHJlYW1saW5lc2VhdHMuZGVcL3BhZ2VcL3dwLWNvbnRlbnRcL3VwbG9hZHNcLzIwMjNcLzEyXC9Sb3lhbF9BbGxveV9Mb25nXzMuanBnIiwic2xpZGVzaG93IjoiMDc1MWNlZCJ9\" href='https:\/\/www.streamlineseats.de\/page\/wp-content\/uploads\/2023\/12\/Royal_Alloy_Long_3.jpg'><img loading=\"lazy\" decoding=\"async\" width=\"300\" height=\"300\" src=\"https:\/\/www.streamlineseats.de\/page\/wp-content\/uploads\/2023\/12\/Royal_Alloy_Long_3-300x300.jpg\" class=\"attachment-woocommerce_thumbnail size-woocommerce_thumbnail\" alt=\"\" srcset=\"https:\/\/www.streamlineseats.de\/page\/wp-content\/uploads\/2023\/12\/Royal_Alloy_Long_3-300x300.jpg 300w, https:\/\/www.streamlineseats.de\/page\/wp-content\/uploads\/2023\/12\/Royal_Alloy_Long_3-150x150.jpg 150w, https:\/\/www.streamlineseats.de\/page\/wp-content\/uploads\/2023\/12\/Royal_Alloy_Long_3-100x100.jpg 100w\" sizes=\"(max-width: 300px) 100vw, 300px\" \/><\/a>\n\t\t\t<\/div><\/figure><figure class='gallery-item'>\n\t\t\t<div class='gallery-icon landscape'>\n\t\t\t\t<a data-elementor-open-lightbox=\"yes\" data-elementor-lightbox-slideshow=\"0751ced\" data-e-action-hash=\"#elementor-action%3Aaction%3Dlightbox%26settings%3DeyJpZCI6NzYwMiwidXJsIjoiaHR0cHM6XC9cL3d3dy5zdHJlYW1saW5lc2VhdHMuZGVcL3BhZ2VcL3dwLWNvbnRlbnRcL3VwbG9hZHNcLzIwMjNcLzEyXC9Sb3lhbF9BbGxveV9Mb25nXzIuanBnIiwic2xpZGVzaG93IjoiMDc1MWNlZCJ9\" href='https:\/\/www.streamlineseats.de\/page\/wp-content\/uploads\/2023\/12\/Royal_Alloy_Long_2.jpg'><img loading=\"lazy\" decoding=\"async\" width=\"300\" height=\"300\" src=\"https:\/\/www.streamlineseats.de\/page\/wp-content\/uploads\/2023\/12\/Royal_Alloy_Long_2-300x300.jpg\" class=\"attachment-woocommerce_thumbnail size-woocommerce_thumbnail\" alt=\"\" srcset=\"https:\/\/www.streamlineseats.de\/page\/wp-content\/uploads\/2023\/12\/Royal_Alloy_Long_2-300x300.jpg 300w, https:\/\/www.streamlineseats.de\/page\/wp-content\/uploads\/2023\/12\/Royal_Alloy_Long_2-150x150.jpg 150w, https:\/\/www.streamlineseats.de\/page\/wp-content\/uploads\/2023\/12\/Royal_Alloy_Long_2-100x100.jpg 100w\" sizes=\"(max-width: 300px) 100vw, 300px\" \/><\/a>\n\t\t\t<\/div><\/figure><figure class='gallery-item'>\n\t\t\t<div class='gallery-icon landscape'>\n\t\t\t\t<a data-elementor-open-lightbox=\"yes\" data-elementor-lightbox-slideshow=\"0751ced\" data-e-action-hash=\"#elementor-action%3Aaction%3Dlightbox%26settings%3DeyJpZCI6NzYwMSwidXJsIjoiaHR0cHM6XC9cL3d3dy5zdHJlYW1saW5lc2VhdHMuZGVcL3BhZ2VcL3dwLWNvbnRlbnRcL3VwbG9hZHNcLzIwMjNcLzEyXC9Sb3lhbF9BbGxveV9Mb25nXzEuanBnIiwic2xpZGVzaG93IjoiMDc1MWNlZCJ9\" href='https:\/\/www.streamlineseats.de\/page\/wp-content\/uploads\/2023\/12\/Royal_Alloy_Long_1.jpg'><img loading=\"lazy\" decoding=\"async\" width=\"300\" height=\"300\" src=\"https:\/\/www.streamlineseats.de\/page\/wp-content\/uploads\/2023\/12\/Royal_Alloy_Long_1-300x300.jpg\" class=\"attachment-woocommerce_thumbnail size-woocommerce_thumbnail\" alt=\"\" srcset=\"https:\/\/www.streamlineseats.de\/page\/wp-content\/uploads\/2023\/12\/Royal_Alloy_Long_1-300x300.jpg 300w, https:\/\/www.streamlineseats.de\/page\/wp-content\/uploads\/2023\/12\/Royal_Alloy_Long_1-150x150.jpg 150w, https:\/\/www.streamlineseats.de\/page\/wp-content\/uploads\/2023\/12\/Royal_Alloy_Long_1-100x100.jpg 100w\" sizes=\"(max-width: 300px) 100vw, 300px\" \/><\/a>\n\t\t\t<\/div><\/figure>\n\t\t<\/div>\n\t\t<\/div>\n\t\t\t\t\t\t<\/div>\n\t\t\t\t<\/div>\n\t\t\t\t\t<\/div>\n\t\t<\/div>\n\t\t\t\t<div class=\"elementor-column elementor-col-50 elementor-top-column elementor-element elementor-element-1f92200\" data-id=\"1f92200\" data-element_type=\"column\">\n\t\t\t<div class=\"elementor-widget-wrap elementor-element-populated\">\n\t\t\t\t\t\t<div class=\"elementor-element elementor-element-3266e10 elementor-widget elementor-widget-spacer\" data-id=\"3266e10\" data-element_type=\"widget\" data-widget_type=\"spacer.default\">\n\t\t\t\t<div class=\"elementor-widget-container\">\n\t\t\t\t\t\t\t<div class=\"elementor-spacer\">\n\t\t\t<div class=\"elementor-spacer-inner\"><\/div>\n\t\t<\/div>\n\t\t\t\t\t\t<\/div>\n\t\t\t\t<\/div>\n\t\t\t\t<section class=\"elementor-section elementor-inner-section elementor-element elementor-element-b13b888 elementor-section-boxed elementor-section-height-default elementor-section-height-default\" data-id=\"b13b888\" data-element_type=\"section\">\n\t\t\t\t\t\t<div class=\"elementor-container elementor-column-gap-default\">\n\t\t\t\t\t<div class=\"elementor-column elementor-col-100 elementor-inner-column elementor-element elementor-element-440a8a6\" data-id=\"440a8a6\" data-element_type=\"column\">\n\t\t\t<div class=\"elementor-widget-wrap elementor-element-populated\">\n\t\t\t\t\t\t<div class=\"elementor-element elementor-element-c476f6d elementor-widget elementor-widget-text-editor\" data-id=\"c476f6d\" data-element_type=\"widget\" data-widget_type=\"text-editor.default\">\n\t\t\t\t<div class=\"elementor-widget-container\">\n\t\t\t\t\t\t\t\t\t<h2 style=\"font-style: normal;\">Modell Grid Short for Royal Alloy \u2013\u00a0Long Version<\/h2>\t\t\t\t\t\t\t\t<\/div>\n\t\t\t\t<\/div>\n\t\t\t\t\t<\/div>\n\t\t<\/div>\n\t\t\t\t\t<\/div>\n\t\t<\/section>\n\t\t\t\t<div class=\"elementor-element elementor-element-e5f61eb elementor-widget elementor-widget-text-editor\" data-id=\"e5f61eb\" data-element_type=\"widget\" data-widget_type=\"text-editor.default\">\n\t\t\t\t<div class=\"elementor-widget-container\">\n\t\t\t\t\t\t\t\t\t<div>\n<p class=\"f-fp\">Crafted exclusively for the new Royal Alloy Scooters, the model \"Grid\" is intricately designed to perfectly adapt to the contours of the frame.&nbsp;<\/p>\n<p class=\"f-fp\"><strong style=\"font-size: 15px;\">Properties:<\/strong><\/p>\n<ul>\n<li>Suitable for all Royal Alloy models (GT, GP and TG)<\/li>\n<li>Prices starting at 299 \u20ac depending on the equipment attributes. Foldable rain cover included<\/li>\n<li>Completely upholstered with high-class composition-leather<\/li>\n<li>Fully customizable deck, side, piping and seams made from a variety of materials and colors<\/li>\n<li>Three stitched seam pattern options are available to choose from: parallel, diamond pattern or honeycomb pattern. Seam colors are freely selectable.<\/li>\n<li>Very comfortable padding made of high quality foam<\/li>\n<li>Plug-and-play. Easy to replace against the original seat<\/li><li>Attention: The original luggage carrier must be removed for installation.<\/li>\n<li>Seat Kit includes: upholstered seat, fastening material, high-quality rain cover and detailed installation instruction<\/li>\n<\/ul>\n<p class=\"f-lp\"><span class=\"style45\"><strong>Each seat will be manufactured individually upon request. <br><\/strong><\/span><\/p>\n<p class=\"f-lp\"><span class=\"style45\"><strong>Manufacturing time: appr. 3 weeks plus shipping.<\/strong><\/span><\/p>\n<\/div>\t\t\t\t\t\t\t\t<\/div>\n\t\t\t\t<\/div>\n\t\t\t\t<div class=\"elementor-element elementor-element-78cd097 elementor-mobile-align-center elementor-widget elementor-widget-button\" data-id=\"78cd097\" data-element_type=\"widget\" data-widget_type=\"button.default\">\n\t\t\t\t<div class=\"elementor-widget-container\">\n\t\t\t\t\t\t\t\t\t<div class=\"elementor-button-wrapper\">\n\t\t\t\t\t<a class=\"elementor-button elementor-button-link elementor-size-sm\" href=\"https:\/\/www.streamlineseats.de\/page\/index.php\/produkt\/konfigurator-sportsitzbank\/\">\n\t\t\t\t\t\t<span class=\"elementor-button-content-wrapper\">\n\t\t\t\t\t\t\t\t\t<span class=\"elementor-button-text\">Configure and order directly.<\/span>\n\t\t\t\t\t<\/span>\n\t\t\t\t\t<\/a>\n\t\t\t\t<\/div>\n\t\t\t\t\t\t\t\t<\/div>\n\t\t\t\t<\/div>\n\t\t\t\t\t<\/div>\n\t\t<\/div>\n\t\t\t\t\t<\/div>\n\t\t<\/section>\n\t\t\t\t<section class=\"elementor-section elementor-top-section elementor-element elementor-element-ded8768 elementor-section-boxed elementor-section-height-default elementor-section-height-default\" data-id=\"ded8768\" data-element_type=\"section\">\n\t\t\t\t\t\t<div class=\"elementor-container elementor-column-gap-default\">\n\t\t\t\t\t<div class=\"elementor-column elementor-col-100 elementor-top-column elementor-element elementor-element-4f747aa\" data-id=\"4f747aa\" data-element_type=\"column\">\n\t\t\t<div class=\"elementor-widget-wrap elementor-element-populated\">\n\t\t\t\t\t\t<div class=\"elementor-element elementor-element-ec26b9f elementor-tabs-view-horizontal elementor-widget elementor-widget-tabs\" data-id=\"ec26b9f\" data-element_type=\"widget\" data-widget_type=\"tabs.default\">\n\t\t\t\t<div class=\"elementor-widget-container\">\n\t\t\t\t\t\t\t<div class=\"elementor-tabs\">\n\t\t\t<div class=\"elementor-tabs-wrapper\" role=\"tablist\" >\n\t\t\t\t\t\t\t\t\t<div id=\"elementor-tab-title-2471\" class=\"elementor-tab-title elementor-tab-desktop-title\" aria-selected=\"true\" data-tab=\"1\" role=\"tab\" tabindex=\"0\" aria-controls=\"elementor-tab-content-2471\" aria-expanded=\"false\">Assembly instructions<\/div>\n\t\t\t\t\t\t\t\t\t<div id=\"elementor-tab-title-2472\" class=\"elementor-tab-title elementor-tab-desktop-title\" aria-selected=\"false\" data-tab=\"2\" role=\"tab\" tabindex=\"-1\" aria-controls=\"elementor-tab-content-2472\" aria-expanded=\"false\">Technical data<\/div>\n\t\t\t\t\t\t\t<\/div>\n\t\t\t<div class=\"elementor-tabs-content-wrapper\" role=\"tablist\" aria-orientation=\"vertical\">\n\t\t\t\t\t\t\t\t\t<div class=\"elementor-tab-title elementor-tab-mobile-title\" aria-selected=\"true\" data-tab=\"1\" role=\"tab\" tabindex=\"0\" aria-controls=\"elementor-tab-content-2471\" aria-expanded=\"false\">Assembly instructions<\/div>\n\t\t\t\t\t<div id=\"elementor-tab-content-2471\" class=\"elementor-tab-content elementor-clearfix\" data-tab=\"1\" role=\"tabpanel\" aria-labelledby=\"elementor-tab-title-2471\" tabindex=\"0\" hidden=\"false\"><ul><li><a href=\"https:\/\/www.streamlineseats.de\/page\/wp-content\/uploads\/2024\/02\/Montageanleitung_Grid.pdf\">Montageanleitung Sitzbank mit Scharnier vorne &#8211; Modell Grid (Royal Alloy)<\/a><\/li><li><a href=\"https:\/\/www.streamlineseats.de\/page\/wp-content\/uploads\/2024\/02\/Assembly_instruction_Grid.pdf\">Assembly instructions seat with front hinge &#8211; Model Grid (Royal Alloy)<\/a><\/li><li><a href=\"https:\/\/www.streamlineseats.de\/page\/wp-content\/uploads\/2023\/12\/RA_Template_protectors.pdf\">Template frameprotectors - Royal Alloy<\/a><\/li><\/ul><\/div>\n\t\t\t\t\t\t\t\t\t<div class=\"elementor-tab-title elementor-tab-mobile-title\" aria-selected=\"false\" data-tab=\"2\" role=\"tab\" tabindex=\"-1\" aria-controls=\"elementor-tab-content-2472\" aria-expanded=\"false\">Technical data<\/div>\n\t\t\t\t\t<div id=\"elementor-tab-content-2472\" class=\"elementor-tab-content elementor-clearfix\" data-tab=\"2\" role=\"tabpanel\" aria-labelledby=\"elementor-tab-title-2472\" tabindex=\"0\" hidden=\"hidden\"><ul><li>Weight: ca. 4,0 kg<\/li><li>Gesamtl\u00e4nge: ca. 69 cm<\/li><li>Length seating surface: ca. 40 cm<\/li><\/ul><\/div>\n\t\t\t\t\t\t\t<\/div>\n\t\t<\/div>\n\t\t\t\t\t\t<\/div>\n\t\t\t\t<\/div>\n\t\t\t\t\t<\/div>\n\t\t<\/div>\n\t\t\t\t\t<\/div>\n\t\t<\/section>\n\t\t\t\t<\/div>","protected":false},"excerpt":{"rendered":"<p>Sportsitzbank Grid Long Modell Grid Long f\u00fcr Royal Alloy &#8211;&nbsp;Lange Version Das Modell \u201eGrid\u201c wurde speziell f\u00fcr die neue Royal Alloy entwickelt und perfekt an Kontur des Rahmens angepasst.&nbsp; Die wichtigsten Eigenschaften im \u00dcberblick: geeignet&nbsp; f\u00fcr alle Royal Alloy Modelle (GT, GP und TG) Preis: ab 299 \u20ac inkl.&nbsp; Spezialscharnier und Regenschutzh\u00fclle komplett mit hochwertigem [&hellip;]<\/p>","protected":false},"author":1,"featured_media":0,"parent":0,"menu_order":0,"comment_status":"closed","ping_status":"closed","template":"","meta":{"site-sidebar-layout":"no-sidebar","site-content-layout":"page-builder","ast-site-content-layout":"full-width-container","site-content-style":"unboxed","site-sidebar-style":"unboxed","ast-global-header-display":"","ast-banner-title-visibility":"","ast-main-header-display":"","ast-hfb-above-header-display":"","ast-hfb-below-header-display":"","ast-hfb-mobile-header-display":"","site-post-title":"disabled","ast-breadcrumbs-content":"","ast-featured-img":"disabled","footer-sml-layout":"","theme-transparent-header-meta":"enabled","adv-header-id-meta":"","stick-header-meta":"","header-above-stick-meta":"","header-main-stick-meta":"","header-below-stick-meta":"","astra-migrate-meta-layouts":"set","ast-page-background-enabled":"default","ast-page-background-meta":{"desktop":{"background-color":"","background-image":"","background-repeat":"repeat","background-position":"center center","background-size":"auto","background-attachment":"scroll","background-type":"","background-media":"","overlay-type":"","overlay-color":"","overlay-opacity":"","overlay-gradient":""},"tablet":{"background-color":"","background-image":"","background-repeat":"repeat","background-position":"center center","background-size":"auto","background-attachment":"scroll","background-type":"","background-media":"","overlay-type":"","overlay-color":"","overlay-opacity":"","overlay-gradient":""},"mobile":{"background-color":"","background-image":"","background-repeat":"repeat","background-position":"center center","background-size":"auto","background-attachment":"scroll","background-type":"","background-media":"","overlay-type":"","overlay-color":"","overlay-opacity":"","overlay-gradient":""}},"ast-content-background-meta":{"desktop":{"background-color":"var(--ast-global-color-5)","background-image":"","background-repeat":"repeat","background-position":"center center","background-size":"auto","background-attachment":"scroll","background-type":"","background-media":"","overlay-type":"","overlay-color":"","overlay-opacity":"","overlay-gradient":""},"tablet":{"background-color":"var(--ast-global-color-5)","background-image":"","background-repeat":"repeat","background-position":"center center","background-size":"auto","background-attachment":"scroll","background-type":"","background-media":"","overlay-type":"","overlay-color":"","overlay-opacity":"","overlay-gradient":""},"mobile":{"background-color":"var(--ast-global-color-5)","background-image":"","background-repeat":"repeat","background-position":"center center","background-size":"auto","background-attachment":"scroll","background-type":"","background-media":"","overlay-type":"","overlay-color":"","overlay-opacity":"","overlay-gradient":""}},"footnotes":""},"class_list":["post-7624","page","type-page","status-publish","hentry"],"_links":{"self":[{"href":"https:\/\/www.streamlineseats.de\/page\/en\/wp-json\/wp\/v2\/pages\/7624","targetHints":{"allow":["GET"]}}],"collection":[{"href":"https:\/\/www.streamlineseats.de\/page\/en\/wp-json\/wp\/v2\/pages"}],"about":[{"href":"https:\/\/www.streamlineseats.de\/page\/en\/wp-json\/wp\/v2\/types\/page"}],"author":[{"embeddable":true,"href":"https:\/\/www.streamlineseats.de\/page\/en\/wp-json\/wp\/v2\/users\/1"}],"replies":[{"embeddable":true,"href":"https:\/\/www.streamlineseats.de\/page\/en\/wp-json\/wp\/v2\/comments?post=7624"}],"version-history":[{"count":61,"href":"https:\/\/www.streamlineseats.de\/page\/en\/wp-json\/wp\/v2\/pages\/7624\/revisions"}],"predecessor-version":[{"id":10154,"href":"https:\/\/www.streamlineseats.de\/page\/en\/wp-json\/wp\/v2\/pages\/7624\/revisions\/10154"}],"wp:attachment":[{"href":"https:\/\/www.streamlineseats.de\/page\/en\/wp-json\/wp\/v2\/media?parent=7624"}],"curies":[{"name":"wp","href":"https:\/\/api.w.org\/{rel}","templated":true}]}}