{"id":4464,"date":"2021-12-14T03:22:57","date_gmt":"2021-12-14T03:22:57","guid":{"rendered":"https:\/\/www.streamlineseats.de\/page\/?page_id=4464"},"modified":"2024-10-10T08:28:03","modified_gmt":"2024-10-10T08:28:03","slug":"schwingsattelversatz","status":"publish","type":"page","link":"https:\/\/www.streamlineseats.de\/page\/en\/schwingsattelversatz\/","title":{"rendered":"Offset-kit for swing saddles Vespa Largeframe"},"content":{"rendered":"<div data-elementor-type=\"wp-page\" data-elementor-id=\"4464\" class=\"elementor elementor-4464\">\n\t\t\t\t\t\t<section class=\"elementor-section elementor-top-section elementor-element elementor-element-wdrbexw elementor-section-boxed elementor-section-height-default elementor-section-height-default\" data-id=\"wdrbexw\" data-element_type=\"section\" data-settings=\"{&quot;background_background&quot;:&quot;classic&quot;}\">\n\t\t\t\t\t\t\t<div class=\"elementor-background-overlay\"><\/div>\n\t\t\t\t\t\t\t<div class=\"elementor-container elementor-column-gap-default\">\n\t\t\t\t\t<div class=\"elementor-column elementor-col-100 elementor-top-column elementor-element elementor-element-52a255f1\" data-id=\"52a255f1\" data-element_type=\"column\">\n\t\t\t<div class=\"elementor-widget-wrap elementor-element-populated\">\n\t\t\t\t\t\t<div class=\"elementor-element elementor-element-1c9a148 elementor-widget elementor-widget-spacer\" data-id=\"1c9a148\" data-element_type=\"widget\" data-widget_type=\"spacer.default\">\n\t\t\t\t<div class=\"elementor-widget-container\">\n\t\t\t\t\t\t\t<div class=\"elementor-spacer\">\n\t\t\t<div class=\"elementor-spacer-inner\"><\/div>\n\t\t<\/div>\n\t\t\t\t\t\t<\/div>\n\t\t\t\t<\/div>\n\t\t\t\t<div class=\"elementor-element elementor-element-73d4426 elementor-widget elementor-widget-heading\" data-id=\"73d4426\" data-element_type=\"widget\" data-widget_type=\"heading.default\">\n\t\t\t\t<div class=\"elementor-widget-container\">\n\t\t\t\t\t<h2 class=\"elementor-heading-title elementor-size-default\">Offset-kit for swing saddles Vespa Largeframe<\/h2>\t\t\t\t<\/div>\n\t\t\t\t<\/div>\n\t\t\t\t\t<\/div>\n\t\t<\/div>\n\t\t\t\t\t<\/div>\n\t\t<\/section>\n\t\t\t\t<section class=\"elementor-section elementor-top-section elementor-element elementor-element-0b3f2ad elementor-section-boxed elementor-section-height-default elementor-section-height-default\" data-id=\"0b3f2ad\" data-element_type=\"section\">\n\t\t\t\t\t\t<div class=\"elementor-container elementor-column-gap-default\">\n\t\t\t\t\t<div class=\"elementor-column elementor-col-100 elementor-top-column elementor-element elementor-element-6738b82\" data-id=\"6738b82\" data-element_type=\"column\">\n\t\t\t<div class=\"elementor-widget-wrap elementor-element-populated\">\n\t\t\t\t\t\t<div class=\"elementor-element elementor-element-ecaea14 elementor-widget elementor-widget-spacer\" data-id=\"ecaea14\" data-element_type=\"widget\" data-widget_type=\"spacer.default\">\n\t\t\t\t<div class=\"elementor-widget-container\">\n\t\t\t\t\t\t\t<div class=\"elementor-spacer\">\n\t\t\t<div class=\"elementor-spacer-inner\"><\/div>\n\t\t<\/div>\n\t\t\t\t\t\t<\/div>\n\t\t\t\t<\/div>\n\t\t\t\t<div class=\"elementor-element elementor-element-829d30e elementor-hidden-mobile elementor-widget elementor-widget-spacer\" data-id=\"829d30e\" data-element_type=\"widget\" data-widget_type=\"spacer.default\">\n\t\t\t\t<div class=\"elementor-widget-container\">\n\t\t\t\t\t\t\t<div class=\"elementor-spacer\">\n\t\t\t<div class=\"elementor-spacer-inner\"><\/div>\n\t\t<\/div>\n\t\t\t\t\t\t<\/div>\n\t\t\t\t<\/div>\n\t\t\t\t\t<\/div>\n\t\t<\/div>\n\t\t\t\t\t<\/div>\n\t\t<\/section>\n\t\t\t\t<section class=\"elementor-section elementor-top-section elementor-element elementor-element-4728d06 elementor-reverse-mobile elementor-section-boxed elementor-section-height-default elementor-section-height-default\" data-id=\"4728d06\" data-element_type=\"section\">\n\t\t\t\t\t\t<div class=\"elementor-container elementor-column-gap-default\">\n\t\t\t\t\t<div class=\"elementor-column elementor-col-50 elementor-top-column elementor-element elementor-element-1f92200\" data-id=\"1f92200\" data-element_type=\"column\">\n\t\t\t<div class=\"elementor-widget-wrap elementor-element-populated\">\n\t\t\t\t\t\t<div class=\"elementor-element elementor-element-3266e10 elementor-widget elementor-widget-spacer\" data-id=\"3266e10\" data-element_type=\"widget\" data-widget_type=\"spacer.default\">\n\t\t\t\t<div class=\"elementor-widget-container\">\n\t\t\t\t\t\t\t<div class=\"elementor-spacer\">\n\t\t\t<div class=\"elementor-spacer-inner\"><\/div>\n\t\t<\/div>\n\t\t\t\t\t\t<\/div>\n\t\t\t\t<\/div>\n\t\t\t\t<section class=\"elementor-section elementor-inner-section elementor-element elementor-element-b13b888 elementor-section-boxed elementor-section-height-default elementor-section-height-default\" data-id=\"b13b888\" data-element_type=\"section\">\n\t\t\t\t\t\t<div class=\"elementor-container elementor-column-gap-default\">\n\t\t\t\t\t<div class=\"elementor-column elementor-col-100 elementor-inner-column elementor-element elementor-element-440a8a6\" data-id=\"440a8a6\" data-element_type=\"column\">\n\t\t\t<div class=\"elementor-widget-wrap elementor-element-populated\">\n\t\t\t\t\t\t<div class=\"elementor-element elementor-element-c476f6d elementor-widget elementor-widget-text-editor\" data-id=\"c476f6d\" data-element_type=\"widget\" data-widget_type=\"text-editor.default\">\n\t\t\t\t<div class=\"elementor-widget-container\">\n\t\t\t\t\t\t\t\t\t<h3>Offset-kit for swing saddles<\/h3>\t\t\t\t\t\t\t\t<\/div>\n\t\t\t\t<\/div>\n\t\t\t\t\t<\/div>\n\t\t<\/div>\n\t\t\t\t\t<\/div>\n\t\t<\/section>\n\t\t\t\t<div class=\"elementor-element elementor-element-e5f61eb elementor-widget elementor-widget-text-editor\" data-id=\"e5f61eb\" data-element_type=\"widget\" data-widget_type=\"text-editor.default\">\n\t\t\t\t<div class=\"elementor-widget-container\">\n\t\t\t\t\t\t\t\t\t<div>The swinging saddle offset was specifically designed for tall riders and individuals seeking extra legroom. With this offset, the existing swinging saddle is moved back by 30 mm, offering the rider a more comfortable riding experience. <\/div><div>\u00a0<\/div><p><strong>Properties:<\/strong><\/p><ul><li>Suitable for Vespa Largeframe Models with swing-saddle<\/li><li>Made from 4 mm thick stainless steel<\/li><li>Incl. all necessary mounting material<\/li><li>Preis: 39,95 \u20ac<\/li><\/ul><p>Scope of delivery: swinging saddle offset, mounting material and detailed assembly instructions<\/p>\t\t\t\t\t\t\t\t<\/div>\n\t\t\t\t<\/div>\n\t\t\t\t<div class=\"elementor-element elementor-element-2334eea elementor-mobile-align-center elementor-widget elementor-widget-button\" data-id=\"2334eea\" data-element_type=\"widget\" data-widget_type=\"button.default\">\n\t\t\t\t<div class=\"elementor-widget-container\">\n\t\t\t\t\t\t\t\t\t<div class=\"elementor-button-wrapper\">\n\t\t\t\t\t<a class=\"elementor-button elementor-button-link elementor-size-sm\" href=\"https:\/\/www.streamlineseats.de\/page\/index.php\/produkt\/schwingsattelversatz\/\">\n\t\t\t\t\t\t<span class=\"elementor-button-content-wrapper\">\n\t\t\t\t\t\t\t\t\t<span class=\"elementor-button-text\">Order now<\/span>\n\t\t\t\t\t<\/span>\n\t\t\t\t\t<\/a>\n\t\t\t\t<\/div>\n\t\t\t\t\t\t\t\t<\/div>\n\t\t\t\t<\/div>\n\t\t\t\t\t<\/div>\n\t\t<\/div>\n\t\t\t\t<div class=\"elementor-column elementor-col-50 elementor-top-column elementor-element elementor-element-74f35cd\" data-id=\"74f35cd\" data-element_type=\"column\">\n\t\t\t<div class=\"elementor-widget-wrap elementor-element-populated\">\n\t\t\t\t\t\t<div class=\"elementor-element elementor-element-97840b1 elementor-widget elementor-widget-spacer\" data-id=\"97840b1\" data-element_type=\"widget\" data-widget_type=\"spacer.default\">\n\t\t\t\t<div class=\"elementor-widget-container\">\n\t\t\t\t\t\t\t<div class=\"elementor-spacer\">\n\t\t\t<div class=\"elementor-spacer-inner\"><\/div>\n\t\t<\/div>\n\t\t\t\t\t\t<\/div>\n\t\t\t\t<\/div>\n\t\t\t\t<div class=\"elementor-element elementor-element-70f69b0 elementor-hidden-mobile elementor-widget elementor-widget-image\" data-id=\"70f69b0\" data-element_type=\"widget\" data-widget_type=\"image.default\">\n\t\t\t\t<div class=\"elementor-widget-container\">\n\t\t\t\t\t\t\t\t\t\t\t\t\t\t\t<img fetchpriority=\"high\" decoding=\"async\" width=\"1024\" height=\"768\" src=\"https:\/\/www.streamlineseats.de\/page\/wp-content\/uploads\/2021\/12\/IMG-20190204-WA0020.jpg\" class=\"attachment-large size-large wp-image-4467\" alt=\"\" srcset=\"https:\/\/www.streamlineseats.de\/page\/wp-content\/uploads\/2021\/12\/IMG-20190204-WA0020.jpg 1024w, https:\/\/www.streamlineseats.de\/page\/wp-content\/uploads\/2021\/12\/IMG-20190204-WA0020-300x225.jpg 300w, https:\/\/www.streamlineseats.de\/page\/wp-content\/uploads\/2021\/12\/IMG-20190204-WA0020-768x576.jpg 768w, https:\/\/www.streamlineseats.de\/page\/wp-content\/uploads\/2021\/12\/IMG-20190204-WA0020-600x450.jpg 600w\" sizes=\"(max-width: 1024px) 100vw, 1024px\" \/>\t\t\t\t\t\t\t\t\t\t\t\t\t\t\t<\/div>\n\t\t\t\t<\/div>\n\t\t\t\t<div class=\"elementor-element elementor-element-0751ced elementor-widget elementor-widget-image-gallery\" data-id=\"0751ced\" data-element_type=\"widget\" data-widget_type=\"image-gallery.default\">\n\t\t\t\t<div class=\"elementor-widget-container\">\n\t\t\t\t\t\t\t<div class=\"elementor-image-gallery\">\n\t\t\t<div id='gallery-1' class='gallery galleryid-4464 gallery-columns-4 gallery-size-woocommerce_thumbnail'><figure class='gallery-item'>\n\t\t\t<div class='gallery-icon landscape'>\n\t\t\t\t<a data-elementor-open-lightbox=\"yes\" data-elementor-lightbox-slideshow=\"0751ced\" data-e-action-hash=\"#elementor-action%3Aaction%3Dlightbox%26settings%3DeyJpZCI6NzEzOCwidXJsIjoiaHR0cHM6XC9cL3d3dy5zdHJlYW1saW5lc2VhdHMuZGVcL3BhZ2VcL3dwLWNvbnRlbnRcL3VwbG9hZHNcLzIwMjNcLzA4XC9TY2h3aW5nc2F0dGVsdmVyc2F0el8xMjAweDEyMDBfMi5qcGciLCJzbGlkZXNob3ciOiIwNzUxY2VkIn0%3D\" href='https:\/\/www.streamlineseats.de\/page\/wp-content\/uploads\/2023\/08\/Schwingsattelversatz_1200x1200_2.jpg'><img decoding=\"async\" width=\"300\" height=\"300\" src=\"https:\/\/www.streamlineseats.de\/page\/wp-content\/uploads\/2023\/08\/Schwingsattelversatz_1200x1200_2-300x300.jpg\" class=\"attachment-woocommerce_thumbnail size-woocommerce_thumbnail\" alt=\"\" srcset=\"https:\/\/www.streamlineseats.de\/page\/wp-content\/uploads\/2023\/08\/Schwingsattelversatz_1200x1200_2-300x300.jpg 300w, https:\/\/www.streamlineseats.de\/page\/wp-content\/uploads\/2023\/08\/Schwingsattelversatz_1200x1200_2-1024x1024.jpg 1024w, https:\/\/www.streamlineseats.de\/page\/wp-content\/uploads\/2023\/08\/Schwingsattelversatz_1200x1200_2-150x150.jpg 150w, https:\/\/www.streamlineseats.de\/page\/wp-content\/uploads\/2023\/08\/Schwingsattelversatz_1200x1200_2-768x768.jpg 768w, https:\/\/www.streamlineseats.de\/page\/wp-content\/uploads\/2023\/08\/Schwingsattelversatz_1200x1200_2-12x12.jpg 12w, https:\/\/www.streamlineseats.de\/page\/wp-content\/uploads\/2023\/08\/Schwingsattelversatz_1200x1200_2-600x600.jpg 600w, https:\/\/www.streamlineseats.de\/page\/wp-content\/uploads\/2023\/08\/Schwingsattelversatz_1200x1200_2-100x100.jpg 100w, https:\/\/www.streamlineseats.de\/page\/wp-content\/uploads\/2023\/08\/Schwingsattelversatz_1200x1200_2.jpg 1200w\" sizes=\"(max-width: 300px) 100vw, 300px\" \/><\/a>\n\t\t\t<\/div><\/figure><figure class='gallery-item'>\n\t\t\t<div class='gallery-icon landscape'>\n\t\t\t\t<a data-elementor-open-lightbox=\"yes\" data-elementor-lightbox-slideshow=\"0751ced\" data-e-action-hash=\"#elementor-action%3Aaction%3Dlightbox%26settings%3DeyJpZCI6NzEzNywidXJsIjoiaHR0cHM6XC9cL3d3dy5zdHJlYW1saW5lc2VhdHMuZGVcL3BhZ2VcL3dwLWNvbnRlbnRcL3VwbG9hZHNcLzIwMjNcLzA4XC9TY2h3aW5nc2F0dGVsdmVyc2F0el8xMjAweDEyMDBfMS5qcGciLCJzbGlkZXNob3ciOiIwNzUxY2VkIn0%3D\" href='https:\/\/www.streamlineseats.de\/page\/wp-content\/uploads\/2023\/08\/Schwingsattelversatz_1200x1200_1.jpg'><img decoding=\"async\" width=\"300\" height=\"300\" src=\"https:\/\/www.streamlineseats.de\/page\/wp-content\/uploads\/2023\/08\/Schwingsattelversatz_1200x1200_1-300x300.jpg\" class=\"attachment-woocommerce_thumbnail size-woocommerce_thumbnail\" alt=\"\" srcset=\"https:\/\/www.streamlineseats.de\/page\/wp-content\/uploads\/2023\/08\/Schwingsattelversatz_1200x1200_1-300x300.jpg 300w, https:\/\/www.streamlineseats.de\/page\/wp-content\/uploads\/2023\/08\/Schwingsattelversatz_1200x1200_1-1024x1024.jpg 1024w, https:\/\/www.streamlineseats.de\/page\/wp-content\/uploads\/2023\/08\/Schwingsattelversatz_1200x1200_1-150x150.jpg 150w, https:\/\/www.streamlineseats.de\/page\/wp-content\/uploads\/2023\/08\/Schwingsattelversatz_1200x1200_1-768x768.jpg 768w, https:\/\/www.streamlineseats.de\/page\/wp-content\/uploads\/2023\/08\/Schwingsattelversatz_1200x1200_1-12x12.jpg 12w, https:\/\/www.streamlineseats.de\/page\/wp-content\/uploads\/2023\/08\/Schwingsattelversatz_1200x1200_1-600x600.jpg 600w, https:\/\/www.streamlineseats.de\/page\/wp-content\/uploads\/2023\/08\/Schwingsattelversatz_1200x1200_1-100x100.jpg 100w, https:\/\/www.streamlineseats.de\/page\/wp-content\/uploads\/2023\/08\/Schwingsattelversatz_1200x1200_1.jpg 1200w\" sizes=\"(max-width: 300px) 100vw, 300px\" \/><\/a>\n\t\t\t<\/div><\/figure><figure class='gallery-item'>\n\t\t\t<div class='gallery-icon landscape'>\n\t\t\t\t<a data-elementor-open-lightbox=\"yes\" data-elementor-lightbox-slideshow=\"0751ced\" data-e-action-hash=\"#elementor-action%3Aaction%3Dlightbox%26settings%3DeyJpZCI6NzExMiwidXJsIjoiaHR0cHM6XC9cL3d3dy5zdHJlYW1saW5lc2VhdHMuZGVcL3BhZ2VcL3dwLWNvbnRlbnRcL3VwbG9hZHNcLzIwMjFcLzAzXC9FcnNhdHpyYWRoYWx0ZXJfMTIwMHgxMjAwXzUuanBnIiwic2xpZGVzaG93IjoiMDc1MWNlZCJ9\" href='https:\/\/www.streamlineseats.de\/page\/wp-content\/uploads\/2021\/03\/Ersatzradhalter_1200x1200_5.jpg'><img loading=\"lazy\" decoding=\"async\" width=\"300\" height=\"300\" src=\"https:\/\/www.streamlineseats.de\/page\/wp-content\/uploads\/2021\/03\/Ersatzradhalter_1200x1200_5-300x300.jpg\" class=\"attachment-woocommerce_thumbnail size-woocommerce_thumbnail\" alt=\"\" srcset=\"https:\/\/www.streamlineseats.de\/page\/wp-content\/uploads\/2021\/03\/Ersatzradhalter_1200x1200_5-300x300.jpg 300w, https:\/\/www.streamlineseats.de\/page\/wp-content\/uploads\/2021\/03\/Ersatzradhalter_1200x1200_5-1024x1024.jpg 1024w, https:\/\/www.streamlineseats.de\/page\/wp-content\/uploads\/2021\/03\/Ersatzradhalter_1200x1200_5-150x150.jpg 150w, https:\/\/www.streamlineseats.de\/page\/wp-content\/uploads\/2021\/03\/Ersatzradhalter_1200x1200_5-768x768.jpg 768w, https:\/\/www.streamlineseats.de\/page\/wp-content\/uploads\/2021\/03\/Ersatzradhalter_1200x1200_5-12x12.jpg 12w, https:\/\/www.streamlineseats.de\/page\/wp-content\/uploads\/2021\/03\/Ersatzradhalter_1200x1200_5-600x600.jpg 600w, https:\/\/www.streamlineseats.de\/page\/wp-content\/uploads\/2021\/03\/Ersatzradhalter_1200x1200_5-100x100.jpg 100w, https:\/\/www.streamlineseats.de\/page\/wp-content\/uploads\/2021\/03\/Ersatzradhalter_1200x1200_5.jpg 1200w\" sizes=\"(max-width: 300px) 100vw, 300px\" \/><\/a>\n\t\t\t<\/div><\/figure><figure class='gallery-item'>\n\t\t\t<div class='gallery-icon landscape'>\n\t\t\t\t<a data-elementor-open-lightbox=\"yes\" data-elementor-lightbox-slideshow=\"0751ced\" data-e-action-hash=\"#elementor-action%3Aaction%3Dlightbox%26settings%3DeyJpZCI6NzEwOSwidXJsIjoiaHR0cHM6XC9cL3d3dy5zdHJlYW1saW5lc2VhdHMuZGVcL3BhZ2VcL3dwLWNvbnRlbnRcL3VwbG9hZHNcLzIwMjFcLzAzXC9FcnNhdHpyYWRoYWx0ZXJfMTIwMHgxMjAwXzIuanBnIiwic2xpZGVzaG93IjoiMDc1MWNlZCJ9\" href='https:\/\/www.streamlineseats.de\/page\/wp-content\/uploads\/2021\/03\/Ersatzradhalter_1200x1200_2.jpg'><img loading=\"lazy\" decoding=\"async\" width=\"300\" height=\"300\" src=\"https:\/\/www.streamlineseats.de\/page\/wp-content\/uploads\/2021\/03\/Ersatzradhalter_1200x1200_2-300x300.jpg\" class=\"attachment-woocommerce_thumbnail size-woocommerce_thumbnail\" alt=\"\" srcset=\"https:\/\/www.streamlineseats.de\/page\/wp-content\/uploads\/2021\/03\/Ersatzradhalter_1200x1200_2-300x300.jpg 300w, https:\/\/www.streamlineseats.de\/page\/wp-content\/uploads\/2021\/03\/Ersatzradhalter_1200x1200_2-1024x1024.jpg 1024w, https:\/\/www.streamlineseats.de\/page\/wp-content\/uploads\/2021\/03\/Ersatzradhalter_1200x1200_2-150x150.jpg 150w, https:\/\/www.streamlineseats.de\/page\/wp-content\/uploads\/2021\/03\/Ersatzradhalter_1200x1200_2-768x768.jpg 768w, https:\/\/www.streamlineseats.de\/page\/wp-content\/uploads\/2021\/03\/Ersatzradhalter_1200x1200_2-12x12.jpg 12w, https:\/\/www.streamlineseats.de\/page\/wp-content\/uploads\/2021\/03\/Ersatzradhalter_1200x1200_2-600x600.jpg 600w, https:\/\/www.streamlineseats.de\/page\/wp-content\/uploads\/2021\/03\/Ersatzradhalter_1200x1200_2-100x100.jpg 100w, https:\/\/www.streamlineseats.de\/page\/wp-content\/uploads\/2021\/03\/Ersatzradhalter_1200x1200_2.jpg 1200w\" sizes=\"(max-width: 300px) 100vw, 300px\" \/><\/a>\n\t\t\t<\/div><\/figure>\n\t\t<\/div>\n\t\t<\/div>\n\t\t\t\t\t\t<\/div>\n\t\t\t\t<\/div>\n\t\t\t\t\t<\/div>\n\t\t<\/div>\n\t\t\t\t\t<\/div>\n\t\t<\/section>\n\t\t\t\t<section class=\"elementor-section elementor-top-section elementor-element elementor-element-ded8768 elementor-section-boxed elementor-section-height-default elementor-section-height-default\" data-id=\"ded8768\" data-element_type=\"section\">\n\t\t\t\t\t\t<div class=\"elementor-container elementor-column-gap-default\">\n\t\t\t\t\t<div class=\"elementor-column elementor-col-100 elementor-top-column elementor-element elementor-element-4f747aa\" data-id=\"4f747aa\" data-element_type=\"column\">\n\t\t\t<div class=\"elementor-widget-wrap elementor-element-populated\">\n\t\t\t\t\t\t<div class=\"elementor-element elementor-element-ec26b9f elementor-tabs-view-horizontal elementor-widget elementor-widget-tabs\" data-id=\"ec26b9f\" data-element_type=\"widget\" data-widget_type=\"tabs.default\">\n\t\t\t\t<div class=\"elementor-widget-container\">\n\t\t\t\t\t\t\t<div class=\"elementor-tabs\">\n\t\t\t<div class=\"elementor-tabs-wrapper\" role=\"tablist\" >\n\t\t\t\t\t\t\t\t\t<div id=\"elementor-tab-title-2471\" class=\"elementor-tab-title elementor-tab-desktop-title\" aria-selected=\"true\" data-tab=\"1\" role=\"tab\" tabindex=\"0\" aria-controls=\"elementor-tab-content-2471\" aria-expanded=\"false\">Assembly instructions<\/div>\n\t\t\t\t\t\t\t\t\t<div id=\"elementor-tab-title-2472\" class=\"elementor-tab-title elementor-tab-desktop-title\" aria-selected=\"false\" data-tab=\"2\" role=\"tab\" tabindex=\"-1\" aria-controls=\"elementor-tab-content-2472\" aria-expanded=\"false\">Technical data<\/div>\n\t\t\t\t\t\t\t<\/div>\n\t\t\t<div class=\"elementor-tabs-content-wrapper\" role=\"tablist\" aria-orientation=\"vertical\">\n\t\t\t\t\t\t\t\t\t<div class=\"elementor-tab-title elementor-tab-mobile-title\" aria-selected=\"true\" data-tab=\"1\" role=\"tab\" tabindex=\"0\" aria-controls=\"elementor-tab-content-2471\" aria-expanded=\"false\">Assembly instructions<\/div>\n\t\t\t\t\t<div id=\"elementor-tab-content-2471\" class=\"elementor-tab-content elementor-clearfix\" data-tab=\"1\" role=\"tabpanel\" aria-labelledby=\"elementor-tab-title-2471\" tabindex=\"0\" hidden=\"false\"><ul><li><a href=\"https:\/\/www.streamlineseats.de\/page\/wp-content\/uploads\/2024\/10\/Schwingsattelversatz-Vespa-Largeframe.pdf\">Montageanleitung Schwingsattelversatz &#8211; Vespa Largeframe<\/a><\/li><li><a href=\"https:\/\/www.streamlineseats.de\/page\/wp-content\/uploads\/2024\/10\/Swing-saddle-offset-Vespa-Largeframe.pdf\">Assembly instructions swing saddle offset &#8211; Vespa Largeframe<\/a><\/li><\/ul><\/div>\n\t\t\t\t\t\t\t\t\t<div class=\"elementor-tab-title elementor-tab-mobile-title\" aria-selected=\"false\" data-tab=\"2\" role=\"tab\" tabindex=\"-1\" aria-controls=\"elementor-tab-content-2472\" aria-expanded=\"false\">Technical data<\/div>\n\t\t\t\t\t<div id=\"elementor-tab-content-2472\" class=\"elementor-tab-content elementor-clearfix\" data-tab=\"2\" role=\"tabpanel\" aria-labelledby=\"elementor-tab-title-2472\" tabindex=\"0\" hidden=\"hidden\"><p>Made from 4 mm thick stainless steel<\/p><\/div>\n\t\t\t\t\t\t\t<\/div>\n\t\t<\/div>\n\t\t\t\t\t\t<\/div>\n\t\t\t\t<\/div>\n\t\t\t\t\t<\/div>\n\t\t<\/div>\n\t\t\t\t\t<\/div>\n\t\t<\/section>\n\t\t\t\t<\/div>","protected":false},"excerpt":{"rendered":"<p>Schwingsattelversatz Vespa Largeframe Schwingsattelversatz Der Schwingsattelversatz wurde speziell f\u00fcr gro\u00dfe Fahrer und Personen mit dem Wunsch nach zus\u00e4tzlicher Beinfreiheit entwickelt. Dank des Versatzes wird der vorhandene Schwingsattel um 30mm nach hinten versetzt und somit ein h\u00f6herer Fahrkomfort f\u00fcr den Fahrer erzielt. \u00a0 Die wichtigsten Eigenschaften im \u00dcberblick: geeignet f\u00fcr Vespa Largeframe Modelle mit Schwingsattel gefertigt [&hellip;]<\/p>","protected":false},"author":1,"featured_media":0,"parent":0,"menu_order":0,"comment_status":"closed","ping_status":"closed","template":"","meta":{"site-sidebar-layout":"no-sidebar","site-content-layout":"page-builder","ast-site-content-layout":"","site-content-style":"default","site-sidebar-style":"default","ast-global-header-display":"","ast-banner-title-visibility":"","ast-main-header-display":"","ast-hfb-above-header-display":"","ast-hfb-below-header-display":"","ast-hfb-mobile-header-display":"","site-post-title":"disabled","ast-breadcrumbs-content":"","ast-featured-img":"disabled","footer-sml-layout":"","theme-transparent-header-meta":"enabled","adv-header-id-meta":"","stick-header-meta":"","header-above-stick-meta":"","header-main-stick-meta":"","header-below-stick-meta":"","astra-migrate-meta-layouts":"default","ast-page-background-enabled":"default","ast-page-background-meta":{"desktop":{"background-color":"","background-image":"","background-repeat":"repeat","background-position":"center center","background-size":"auto","background-attachment":"scroll","background-type":"","background-media":"","overlay-type":"","overlay-color":"","overlay-opacity":"","overlay-gradient":""},"tablet":{"background-color":"","background-image":"","background-repeat":"repeat","background-position":"center center","background-size":"auto","background-attachment":"scroll","background-type":"","background-media":"","overlay-type":"","overlay-color":"","overlay-opacity":"","overlay-gradient":""},"mobile":{"background-color":"","background-image":"","background-repeat":"repeat","background-position":"center center","background-size":"auto","background-attachment":"scroll","background-type":"","background-media":"","overlay-type":"","overlay-color":"","overlay-opacity":"","overlay-gradient":""}},"ast-content-background-meta":{"desktop":{"background-color":"var(--ast-global-color-5)","background-image":"","background-repeat":"repeat","background-position":"center center","background-size":"auto","background-attachment":"scroll","background-type":"","background-media":"","overlay-type":"","overlay-color":"","overlay-opacity":"","overlay-gradient":""},"tablet":{"background-color":"var(--ast-global-color-5)","background-image":"","background-repeat":"repeat","background-position":"center center","background-size":"auto","background-attachment":"scroll","background-type":"","background-media":"","overlay-type":"","overlay-color":"","overlay-opacity":"","overlay-gradient":""},"mobile":{"background-color":"var(--ast-global-color-5)","background-image":"","background-repeat":"repeat","background-position":"center center","background-size":"auto","background-attachment":"scroll","background-type":"","background-media":"","overlay-type":"","overlay-color":"","overlay-opacity":"","overlay-gradient":""}},"footnotes":""},"class_list":["post-4464","page","type-page","status-publish","hentry"],"_links":{"self":[{"href":"https:\/\/www.streamlineseats.de\/page\/en\/wp-json\/wp\/v2\/pages\/4464","targetHints":{"allow":["GET"]}}],"collection":[{"href":"https:\/\/www.streamlineseats.de\/page\/en\/wp-json\/wp\/v2\/pages"}],"about":[{"href":"https:\/\/www.streamlineseats.de\/page\/en\/wp-json\/wp\/v2\/types\/page"}],"author":[{"embeddable":true,"href":"https:\/\/www.streamlineseats.de\/page\/en\/wp-json\/wp\/v2\/users\/1"}],"replies":[{"embeddable":true,"href":"https:\/\/www.streamlineseats.de\/page\/en\/wp-json\/wp\/v2\/comments?post=4464"}],"version-history":[{"count":64,"href":"https:\/\/www.streamlineseats.de\/page\/en\/wp-json\/wp\/v2\/pages\/4464\/revisions"}],"predecessor-version":[{"id":10337,"href":"https:\/\/www.streamlineseats.de\/page\/en\/wp-json\/wp\/v2\/pages\/4464\/revisions\/10337"}],"wp:attachment":[{"href":"https:\/\/www.streamlineseats.de\/page\/en\/wp-json\/wp\/v2\/media?parent=4464"}],"curies":[{"name":"wp","href":"https:\/\/api.w.org\/{rel}","templated":true}]}}