{"id":3328,"date":"2021-03-24T04:14:04","date_gmt":"2021-03-24T04:14:04","guid":{"rendered":"https:\/\/www.streamlineseats.de\/page\/?page_id=3328"},"modified":"2025-12-05T07:26:32","modified_gmt":"2025-12-05T07:26:32","slug":"versandkosten","status":"publish","type":"page","link":"https:\/\/www.streamlineseats.de\/page\/en\/versandkosten\/","title":{"rendered":"Shipping"},"content":{"rendered":"<p>All prices quoted in the online store include the statutory German VAT of 19%. For shipments to other EU countries, the applicable sales tax of the recipient country will be applied. Additionally, respective packaging and shipping costs will be added.<\/p><p>Shipping costs for parcels and packages within Germany, to other EU countries and abroad can be found in the following lists or zones:<\/p><p><strong>Parcels up to 2 kg<\/strong><\/p><figure class=\"wp-block-table\"><table><tbody><tr><td><strong>Zone<\/strong><\/td><td><strong>Price<\/strong><\/td><\/tr><tr><td>Germany<\/td><td>8 \u20ac<\/td><\/tr><tr><td>EU Countries &#8211; Zone 1<\/td><td>15,50 \u20ac<\/td><\/tr><tr><td>World \u2013 Zone 2<\/td><td>19,90 \u20ac<\/td><\/tr><tr><td>World \u2013 Zone 3<\/td><td>21,90 \u20ac<\/td><\/tr><tr><td>World \u2013 Zone 4<\/td><td>21,90 \u20ac<\/td><\/tr><tr><td>World \u2013 Zone 5<\/td><td>21,90 \u20ac<\/td><\/tr><tr><td>World \u2013 Zone 6<\/td><td>23 \u20ac<\/td><\/tr><tr><td>World \u2013 Zone 7<\/td><td>23 \u20ac<\/td><\/tr><\/tbody><\/table><\/figure><p><br><strong>Parcels up to 5 kg<\/strong><\/p><figure class=\"wp-block-table\"><table><tbody><tr><td><strong>Zone<\/strong><\/td><td><strong>Price<\/strong><\/td><\/tr><tr><td>Germany<\/td><td>9,50 \u20ac<\/td><\/tr><tr><td>EU Countries &#8211; Zone 1<\/td><td>19,90 \u20ac<\/td><\/tr><tr><td>World \u2013 Zone 2<\/td><td>32,90 \u20ac<\/td><\/tr><tr><td>World \u2013 Zone 3<\/td><td>37,90 \u20ac<\/td><\/tr><tr><td>World \u2013 Zone 4<\/td><td>37,90 \u20ac<\/td><\/tr><tr><td>World \u2013 Zone  5<\/td><td>49,90 \u20ac<\/td><\/tr><tr><td>World \u2013 Zone 6<\/td><td>53 \u20ac<\/td><\/tr><tr><td>World \u2013 Zone 7<\/td><td>56 \u20ac<\/td><\/tr><\/tbody><\/table><\/figure><p><strong>Parcels up to 10 kg<\/strong><\/p><figure class=\"wp-block-table\"><table><tbody><tr><td><strong>Zone<\/strong><\/td><td><strong>Price<\/strong><\/td><\/tr><tr><td>Germany<\/td><td>13,50 \u20ac<\/td><\/tr><tr><td>EU Countries &#8211; Zone 1<\/td><td>24,90 \u20ac<\/td><\/tr><tr><td>World \u2013 Zone 2<\/td><td>37,90 \u20ac<\/td><\/tr><tr><td>World \u2013 Zone 3<\/td><td>46,90 \u20ac<\/td><\/tr><tr><td>World \u2013 Zone 4<\/td><td>46,90 \u20ac<\/td><\/tr><tr><td>World \u2013 Zone 5<\/td><td>65,90 \u20ac<\/td><\/tr><tr><td>World \u2013 Zone 6<\/td><td>83 \u20ac<\/td><\/tr><tr><td>World \u2013 Zone 7<\/td><td>96 \u20ac<\/td><\/tr><\/tbody><\/table><\/figure><p><strong>Parcels up to 20 kg<\/strong><\/p><figure class=\"wp-block-table\"><table><tbody><tr><td><strong>Zone<\/strong><\/td><td><strong>Price<\/strong><\/td><\/tr><tr><td>Germany<\/td><td>23,50 \u20ac<\/td><\/tr><tr><td>EU Countries &#8211; Zone 1    <\/td><td>36,90 \u20ac<\/td><\/tr><tr><td>World \u2013 Zone 2<\/td><td>53,90 \u20ac<\/td><\/tr><tr><td>World \u2013 Zone 3<\/td><td>57,90 \u20ac<\/td><\/tr><tr><td>World \u2013 Zone 4<\/td><td>63,90 \u20ac<\/td><\/tr><tr><td>World \u2013 Zone 5<\/td><td>105,90 \u20ac<\/td><\/tr><tr><td>World \u2013 Zone 6<\/td><td>149 \u20ac<\/td><\/tr><tr><td>World \u2013 Zone 7<\/td><td>183 \u20ac<\/td><\/tr><\/tbody><\/table><\/figure><p id=\"zone1\"><strong>Zone 1 &#8211; EU<\/strong><\/p><ul class=\"wp-block-list\"><li>Belgium<\/li>\n\n<li>Bulgaria<\/li>\n\n<li>Denmark (except Faroer Island and Greenland)<\/li>\n\n<li>Estonia<\/li>\n\n<li>Finland (except \u00c4land Islands)<\/li>\n\n<li>France (except overseas territories and departments)<\/li>\n\n<li>Greece (except Mount Athos)<\/li>\n\n<li>Ireland<\/li>\n\n<li>Italy (except Livigno and Campione d'Italia)<\/li>\n\n<li>Croatia<\/li>\n\n<li>Latvia<\/li>\n\n<li>Lithuania<\/li>\n\n<li>Luxembourg<\/li>\n\n<li>Malta<\/li>\n\n<li>Monaco<\/li>\n\n<li>Netherlands (except non-European territories)<\/li>\n\n<li>Austria<\/li>\n\n<li>Poland<\/li>\n\n<li>Portugal<\/li>\n\n<li>Romania<\/li>\n\n<li>Sweden<\/li>\n\n<li>Slowakia<\/li>\n\n<li>Slovenia<\/li>\n\n<li>Spain (except Canary Islands, Ceuta and Melilla)<\/li>\n\n<li>Czech Republic<\/li>\n\n<li>Hungary<\/li>\n\n<li>Cyprus (except northern part)<\/li><\/ul><p><strong>Zone 2<\/strong><\/p><ul class=\"wp-block-list\"><li>Isle of Man<\/li>\n\n<li>Switzerland<\/li>\n\n<li>Great Britain \/ United Kingdom<\/li><\/ul><p><strong>Zone 3<\/strong><\/p><ul class=\"wp-block-list\"><li>\u00c4land Islands (Finland)<\/li>\n\n<li>Guernsey<\/li>\n\n<li>Iceland<\/li>\n\n<li>Jersey<\/li>\n\n<li>Liechtenstein<\/li>\n\n<li>Moldova<\/li>\n\n<li>Norway<\/li>\n\n<li>San Marino<\/li>\n\n<li>Serbia<\/li>\n\n<li>Turkey<\/li><\/ul><p><strong>Zone 4<\/strong><\/p><ul class=\"wp-block-list\"><li>Russian Federation<\/li><\/ul><p><strong>Zone 5<\/strong><\/p><ul class=\"wp-block-list\"><li>Hongkong<\/li>\n\n<li>India<\/li>\n\n<li>Indonesia<\/li>\n\n<li>Japan<\/li>\n\n<li>Macao<\/li>\n\n<li>Malaysia<\/li>\n\n<li>Philippines<\/li>\n\n<li>Singapore<\/li>\n\n<li>South Africa<\/li>\n\n<li>South Korea<\/li>\n\n<li>Taiwan<\/li>\n\n<li>Thailand<\/li>\n\n<li>Vietnam<\/li><\/ul><p><strong>Zone 6<\/strong><\/p><ul class=\"wp-block-list\"><li>Canada<\/li>\n\n<li>United States of America (USA)<\/li><\/ul><p><strong>Zone 7<\/strong><\/p><ul class=\"wp-block-list\"><li>Australia<\/li>\n\n<li>New Zealand<\/li><\/ul><p><\/p>","protected":false},"excerpt":{"rendered":"<p>Alle im Onlineshop angegebenen Preise enthalten die gesetzliche deutsche Umsatzsteuer in H\u00f6he von 19 %. Bei Versand in andere EU L\u00e4nder wird die jeweilige Umsatzsteuer des Empf\u00e4ngerlandes verwendet. Hinzu kommen die jeweiligen Verpackungs- und Versandkosten. Die Versandkosten von Paketen und P\u00e4ckchen innerhalb Deutschlands, in andere EU-L\u00e4nder sowie ins Ausland entnehmen Sie bitte den nachfolgenden Listen [&hellip;]<\/p>","protected":false},"author":1,"featured_media":0,"parent":0,"menu_order":0,"comment_status":"closed","ping_status":"closed","template":"","meta":{"site-sidebar-layout":"default","site-content-layout":"default","ast-site-content-layout":"default","site-content-style":"default","site-sidebar-style":"default","ast-global-header-display":"","ast-banner-title-visibility":"","ast-main-header-display":"","ast-hfb-above-header-display":"","ast-hfb-below-header-display":"","ast-hfb-mobile-header-display":"","site-post-title":"","ast-breadcrumbs-content":"","ast-featured-img":"","footer-sml-layout":"","theme-transparent-header-meta":"default","adv-header-id-meta":"","stick-header-meta":"","header-above-stick-meta":"","header-main-stick-meta":"","header-below-stick-meta":"","astra-migrate-meta-layouts":"set","ast-page-background-enabled":"default","ast-page-background-meta":{"desktop":{"background-color":"","background-image":"","background-repeat":"repeat","background-position":"center center","background-size":"auto","background-attachment":"scroll","background-type":"","background-media":"","overlay-type":"","overlay-color":"","overlay-opacity":"","overlay-gradient":""},"tablet":{"background-color":"","background-image":"","background-repeat":"repeat","background-position":"center center","background-size":"auto","background-attachment":"scroll","background-type":"","background-media":"","overlay-type":"","overlay-color":"","overlay-opacity":"","overlay-gradient":""},"mobile":{"background-color":"","background-image":"","background-repeat":"repeat","background-position":"center center","background-size":"auto","background-attachment":"scroll","background-type":"","background-media":"","overlay-type":"","overlay-color":"","overlay-opacity":"","overlay-gradient":""}},"ast-content-background-meta":{"desktop":{"background-color":"var(--ast-global-color-5)","background-image":"","background-repeat":"repeat","background-position":"center center","background-size":"auto","background-attachment":"scroll","background-type":"","background-media":"","overlay-type":"","overlay-color":"","overlay-opacity":"","overlay-gradient":""},"tablet":{"background-color":"var(--ast-global-color-5)","background-image":"","background-repeat":"repeat","background-position":"center center","background-size":"auto","background-attachment":"scroll","background-type":"","background-media":"","overlay-type":"","overlay-color":"","overlay-opacity":"","overlay-gradient":""},"mobile":{"background-color":"var(--ast-global-color-5)","background-image":"","background-repeat":"repeat","background-position":"center center","background-size":"auto","background-attachment":"scroll","background-type":"","background-media":"","overlay-type":"","overlay-color":"","overlay-opacity":"","overlay-gradient":""}},"footnotes":""},"class_list":["post-3328","page","type-page","status-publish","hentry"],"_links":{"self":[{"href":"https:\/\/www.streamlineseats.de\/page\/en\/wp-json\/wp\/v2\/pages\/3328","targetHints":{"allow":["GET"]}}],"collection":[{"href":"https:\/\/www.streamlineseats.de\/page\/en\/wp-json\/wp\/v2\/pages"}],"about":[{"href":"https:\/\/www.streamlineseats.de\/page\/en\/wp-json\/wp\/v2\/types\/page"}],"author":[{"embeddable":true,"href":"https:\/\/www.streamlineseats.de\/page\/en\/wp-json\/wp\/v2\/users\/1"}],"replies":[{"embeddable":true,"href":"https:\/\/www.streamlineseats.de\/page\/en\/wp-json\/wp\/v2\/comments?post=3328"}],"version-history":[{"count":16,"href":"https:\/\/www.streamlineseats.de\/page\/en\/wp-json\/wp\/v2\/pages\/3328\/revisions"}],"predecessor-version":[{"id":11581,"href":"https:\/\/www.streamlineseats.de\/page\/en\/wp-json\/wp\/v2\/pages\/3328\/revisions\/11581"}],"wp:attachment":[{"href":"https:\/\/www.streamlineseats.de\/page\/en\/wp-json\/wp\/v2\/media?parent=3328"}],"curies":[{"name":"wp","href":"https:\/\/api.w.org\/{rel}","templated":true}]}}