{"id":11148,"date":"2025-07-16T08:58:35","date_gmt":"2025-07-16T08:58:35","guid":{"rendered":"https:\/\/www.streamlineseats.de\/page\/?page_id=11148"},"modified":"2025-07-16T09:58:55","modified_gmt":"2025-07-16T09:58:55","slug":"gepacktrager-royal-alloy","status":"publish","type":"page","link":"https:\/\/www.streamlineseats.de\/page\/en\/gepacktrager-royal-alloy\/","title":{"rendered":"Custom Gep\u00e4cktr\u00e4ger Royal Alloy"},"content":{"rendered":"<div data-elementor-type=\"wp-page\" data-elementor-id=\"11148\" class=\"elementor elementor-11148\">\n\t\t\t\t\t\t<section class=\"elementor-section elementor-top-section elementor-element elementor-element-wdrbexw elementor-section-boxed elementor-section-height-default elementor-section-height-default\" data-id=\"wdrbexw\" data-element_type=\"section\" data-settings=\"{&quot;background_background&quot;:&quot;classic&quot;}\">\n\t\t\t\t\t\t\t<div class=\"elementor-background-overlay\"><\/div>\n\t\t\t\t\t\t\t<div class=\"elementor-container elementor-column-gap-default\">\n\t\t\t\t\t<div class=\"elementor-column elementor-col-100 elementor-top-column elementor-element elementor-element-52a255f1\" data-id=\"52a255f1\" data-element_type=\"column\">\n\t\t\t<div class=\"elementor-widget-wrap elementor-element-populated\">\n\t\t\t\t\t\t<div class=\"elementor-element elementor-element-110fbd5 elementor-invisible elementor-widget elementor-widget-heading\" data-id=\"110fbd5\" data-element_type=\"widget\" data-settings=\"{&quot;_animation&quot;:&quot;fadeIn&quot;,&quot;_animation_delay&quot;:600}\" data-widget_type=\"heading.default\">\n\t\t\t\t<div class=\"elementor-widget-container\">\n\t\t\t\t\t<h2 class=\"elementor-heading-title elementor-size-default\"><br><br><br>Custom Gep\u00e4cktr\u00e4ger f\u00fcr Royal Alloy<\/h2>\t\t\t\t<\/div>\n\t\t\t\t<\/div>\n\t\t\t\t\t<\/div>\n\t\t<\/div>\n\t\t\t\t\t<\/div>\n\t\t<\/section>\n\t\t\t\t<section class=\"elementor-section elementor-top-section elementor-element elementor-element-0b3f2ad elementor-section-boxed elementor-section-height-default elementor-section-height-default\" data-id=\"0b3f2ad\" data-element_type=\"section\">\n\t\t\t\t\t\t<div class=\"elementor-container elementor-column-gap-default\">\n\t\t\t\t\t<div class=\"elementor-column elementor-col-100 elementor-top-column elementor-element elementor-element-6738b82\" data-id=\"6738b82\" data-element_type=\"column\">\n\t\t\t<div class=\"elementor-widget-wrap elementor-element-populated\">\n\t\t\t\t\t\t<div class=\"elementor-element elementor-element-ecaea14 elementor-widget elementor-widget-spacer\" data-id=\"ecaea14\" data-element_type=\"widget\" data-widget_type=\"spacer.default\">\n\t\t\t\t<div class=\"elementor-widget-container\">\n\t\t\t\t\t\t\t<div class=\"elementor-spacer\">\n\t\t\t<div class=\"elementor-spacer-inner\"><\/div>\n\t\t<\/div>\n\t\t\t\t\t\t<\/div>\n\t\t\t\t<\/div>\n\t\t\t\t<div class=\"elementor-element elementor-element-829d30e elementor-hidden-mobile elementor-widget elementor-widget-spacer\" data-id=\"829d30e\" data-element_type=\"widget\" data-widget_type=\"spacer.default\">\n\t\t\t\t<div class=\"elementor-widget-container\">\n\t\t\t\t\t\t\t<div class=\"elementor-spacer\">\n\t\t\t<div class=\"elementor-spacer-inner\"><\/div>\n\t\t<\/div>\n\t\t\t\t\t\t<\/div>\n\t\t\t\t<\/div>\n\t\t\t\t\t<\/div>\n\t\t<\/div>\n\t\t\t\t\t<\/div>\n\t\t<\/section>\n\t\t\t\t<section class=\"elementor-section elementor-top-section elementor-element elementor-element-4728d06 elementor-reverse-mobile elementor-section-boxed elementor-section-height-default elementor-section-height-default\" data-id=\"4728d06\" data-element_type=\"section\">\n\t\t\t\t\t\t<div class=\"elementor-container elementor-column-gap-default\">\n\t\t\t\t\t<div class=\"elementor-column elementor-col-50 elementor-top-column elementor-element elementor-element-1f92200\" data-id=\"1f92200\" data-element_type=\"column\">\n\t\t\t<div class=\"elementor-widget-wrap elementor-element-populated\">\n\t\t\t\t\t\t<div class=\"elementor-element elementor-element-3266e10 elementor-widget elementor-widget-spacer\" data-id=\"3266e10\" data-element_type=\"widget\" data-widget_type=\"spacer.default\">\n\t\t\t\t<div class=\"elementor-widget-container\">\n\t\t\t\t\t\t\t<div class=\"elementor-spacer\">\n\t\t\t<div class=\"elementor-spacer-inner\"><\/div>\n\t\t<\/div>\n\t\t\t\t\t\t<\/div>\n\t\t\t\t<\/div>\n\t\t\t\t<section class=\"elementor-section elementor-inner-section elementor-element elementor-element-b13b888 elementor-section-boxed elementor-section-height-default elementor-section-height-default\" data-id=\"b13b888\" data-element_type=\"section\">\n\t\t\t\t\t\t<div class=\"elementor-container elementor-column-gap-default\">\n\t\t\t\t\t<div class=\"elementor-column elementor-col-100 elementor-inner-column elementor-element elementor-element-440a8a6\" data-id=\"440a8a6\" data-element_type=\"column\">\n\t\t\t<div class=\"elementor-widget-wrap elementor-element-populated\">\n\t\t\t\t\t\t<div class=\"elementor-element elementor-element-c476f6d elementor-widget elementor-widget-text-editor\" data-id=\"c476f6d\" data-element_type=\"widget\" data-widget_type=\"text-editor.default\">\n\t\t\t\t<div class=\"elementor-widget-container\">\n\t\t\t\t\t\t\t\t\t<h3>Custom Gep\u00e4cktr\u00e4ger f\u00fcr Royal Alloy<\/h3>\t\t\t\t\t\t\t\t<\/div>\n\t\t\t\t<\/div>\n\t\t\t\t\t<\/div>\n\t\t<\/div>\n\t\t\t\t\t<\/div>\n\t\t<\/section>\n\t\t\t\t<div class=\"elementor-element elementor-element-e5f61eb elementor-widget elementor-widget-text-editor\" data-id=\"e5f61eb\" data-element_type=\"widget\" data-widget_type=\"text-editor.default\">\n\t\t\t\t<div class=\"elementor-widget-container\">\n\t\t\t\t\t\t\t\t\t<p>Unser Custom-Gep\u00e4cktr\u00e4ger wurde speziell f\u00fcr die Royal Alloy entwickelt, um die Montage unserer langen Sitzbank zu erm\u00f6glichen.<\/p><p><strong>Properties:<\/strong><\/p><ul><li>geeignet f\u00fcr Royal Alloy GP und TG<\/li><li>verf\u00fcgbar in schwarz pulverbeschichtet oder in hochwertigem Edelstahl<\/li><li>Incl. all necessary mounting material<\/li><li>Preis: 59,95 \u20ac<\/li><\/ul><p>Lieferumfang: Gep\u00e4cktr\u00e4ger und Befestigungsmaterial<\/p>\t\t\t\t\t\t\t\t<\/div>\n\t\t\t\t<\/div>\n\t\t\t\t<div class=\"elementor-element elementor-element-2e7e965 elementor-mobile-align-center elementor-widget elementor-widget-button\" data-id=\"2e7e965\" data-element_type=\"widget\" data-widget_type=\"button.default\">\n\t\t\t\t<div class=\"elementor-widget-container\">\n\t\t\t\t\t\t\t\t\t<div class=\"elementor-button-wrapper\">\n\t\t\t\t\t<a class=\"elementor-button elementor-button-link elementor-size-sm\" href=\"https:\/\/www.streamlineseats.de\/page\/en\/product\/custom-gepaecktraeger-fuer-lange-royal-alloy-sitzbank\/\">\n\t\t\t\t\t\t<span class=\"elementor-button-content-wrapper\">\n\t\t\t\t\t\t\t\t\t<span class=\"elementor-button-text\">Order now<\/span>\n\t\t\t\t\t<\/span>\n\t\t\t\t\t<\/a>\n\t\t\t\t<\/div>\n\t\t\t\t\t\t\t\t<\/div>\n\t\t\t\t<\/div>\n\t\t\t\t\t<\/div>\n\t\t<\/div>\n\t\t\t\t<div class=\"elementor-column elementor-col-50 elementor-top-column elementor-element elementor-element-74f35cd\" data-id=\"74f35cd\" data-element_type=\"column\">\n\t\t\t<div class=\"elementor-widget-wrap elementor-element-populated\">\n\t\t\t\t\t\t<div class=\"elementor-element elementor-element-97840b1 elementor-widget elementor-widget-spacer\" data-id=\"97840b1\" data-element_type=\"widget\" data-widget_type=\"spacer.default\">\n\t\t\t\t<div class=\"elementor-widget-container\">\n\t\t\t\t\t\t\t<div class=\"elementor-spacer\">\n\t\t\t<div class=\"elementor-spacer-inner\"><\/div>\n\t\t<\/div>\n\t\t\t\t\t\t<\/div>\n\t\t\t\t<\/div>\n\t\t\t\t<div class=\"elementor-element elementor-element-70f69b0 elementor-hidden-mobile elementor-widget elementor-widget-image\" data-id=\"70f69b0\" data-element_type=\"widget\" data-widget_type=\"image.default\">\n\t\t\t\t<div class=\"elementor-widget-container\">\n\t\t\t\t\t\t\t\t\t\t\t\t\t\t\t<img decoding=\"async\" src=\"https:\/\/www.streamlineseats.de\/page\/wp-content\/uploads\/2021\/12\/Ersatzradhalter_Vespa_Largeframe_Oldie_3.jpg\" title=\"\" alt=\"\" loading=\"lazy\" \/>\t\t\t\t\t\t\t\t\t\t\t\t\t\t\t<\/div>\n\t\t\t\t<\/div>\n\t\t\t\t<div class=\"elementor-element elementor-element-0751ced elementor-widget elementor-widget-image-gallery\" data-id=\"0751ced\" data-element_type=\"widget\" data-widget_type=\"image-gallery.default\">\n\t\t\t\t<div class=\"elementor-widget-container\">\n\t\t\t\t\t\t\t<div class=\"elementor-image-gallery\">\n\t\t\t<div id='gallery-1' class='gallery galleryid-11148 gallery-columns-3 gallery-size-woocommerce_thumbnail'><figure class='gallery-item'>\n\t\t\t<div class='gallery-icon landscape'>\n\t\t\t\t<a data-elementor-open-lightbox=\"yes\" data-elementor-lightbox-slideshow=\"0751ced\" data-elementor-lightbox-title=\"Rack_RA_1200x1200_4\" data-e-action-hash=\"#elementor-action%3Aaction%3Dlightbox%26settings%3DeyJpZCI6MTAzMDUsInVybCI6Imh0dHBzOlwvXC93d3cuc3RyZWFtbGluZXNlYXRzLmRlXC9wYWdlXC93cC1jb250ZW50XC91cGxvYWRzXC8yMDI0XC8wOVwvUmFja19SQV8xMjAweDEyMDBfNC5qcGciLCJzbGlkZXNob3ciOiIwNzUxY2VkIn0%3D\" href='https:\/\/www.streamlineseats.de\/page\/wp-content\/uploads\/2024\/09\/Rack_RA_1200x1200_4.jpg'><img fetchpriority=\"high\" decoding=\"async\" width=\"300\" height=\"300\" src=\"https:\/\/www.streamlineseats.de\/page\/wp-content\/uploads\/2024\/09\/Rack_RA_1200x1200_4-300x300.jpg\" class=\"attachment-woocommerce_thumbnail size-woocommerce_thumbnail\" alt=\"\" srcset=\"https:\/\/www.streamlineseats.de\/page\/wp-content\/uploads\/2024\/09\/Rack_RA_1200x1200_4-300x300.jpg 300w, https:\/\/www.streamlineseats.de\/page\/wp-content\/uploads\/2024\/09\/Rack_RA_1200x1200_4-1024x1024.jpg 1024w, https:\/\/www.streamlineseats.de\/page\/wp-content\/uploads\/2024\/09\/Rack_RA_1200x1200_4-150x150.jpg 150w, https:\/\/www.streamlineseats.de\/page\/wp-content\/uploads\/2024\/09\/Rack_RA_1200x1200_4-768x768.jpg 768w, https:\/\/www.streamlineseats.de\/page\/wp-content\/uploads\/2024\/09\/Rack_RA_1200x1200_4-12x12.jpg 12w, https:\/\/www.streamlineseats.de\/page\/wp-content\/uploads\/2024\/09\/Rack_RA_1200x1200_4-600x600.jpg 600w, https:\/\/www.streamlineseats.de\/page\/wp-content\/uploads\/2024\/09\/Rack_RA_1200x1200_4-100x100.jpg 100w, https:\/\/www.streamlineseats.de\/page\/wp-content\/uploads\/2024\/09\/Rack_RA_1200x1200_4.jpg 1200w\" sizes=\"(max-width: 300px) 100vw, 300px\" \/><\/a>\n\t\t\t<\/div><\/figure><figure class='gallery-item'>\n\t\t\t<div class='gallery-icon landscape'>\n\t\t\t\t<a data-elementor-open-lightbox=\"yes\" data-elementor-lightbox-slideshow=\"0751ced\" data-elementor-lightbox-title=\"Rack_RA_1200x1200_1\" data-e-action-hash=\"#elementor-action%3Aaction%3Dlightbox%26settings%3DeyJpZCI6MTAyOTAsInVybCI6Imh0dHBzOlwvXC93d3cuc3RyZWFtbGluZXNlYXRzLmRlXC9wYWdlXC93cC1jb250ZW50XC91cGxvYWRzXC8yMDI0XC8wOVwvUmFja19SQV8xMjAweDEyMDBfMS5qcGciLCJzbGlkZXNob3ciOiIwNzUxY2VkIn0%3D\" href='https:\/\/www.streamlineseats.de\/page\/wp-content\/uploads\/2024\/09\/Rack_RA_1200x1200_1.jpg'><img decoding=\"async\" width=\"300\" height=\"300\" src=\"https:\/\/www.streamlineseats.de\/page\/wp-content\/uploads\/2024\/09\/Rack_RA_1200x1200_1-300x300.jpg\" class=\"attachment-woocommerce_thumbnail size-woocommerce_thumbnail\" alt=\"\" srcset=\"https:\/\/www.streamlineseats.de\/page\/wp-content\/uploads\/2024\/09\/Rack_RA_1200x1200_1-300x300.jpg 300w, https:\/\/www.streamlineseats.de\/page\/wp-content\/uploads\/2024\/09\/Rack_RA_1200x1200_1-1024x1024.jpg 1024w, https:\/\/www.streamlineseats.de\/page\/wp-content\/uploads\/2024\/09\/Rack_RA_1200x1200_1-150x150.jpg 150w, https:\/\/www.streamlineseats.de\/page\/wp-content\/uploads\/2024\/09\/Rack_RA_1200x1200_1-768x768.jpg 768w, https:\/\/www.streamlineseats.de\/page\/wp-content\/uploads\/2024\/09\/Rack_RA_1200x1200_1-12x12.jpg 12w, https:\/\/www.streamlineseats.de\/page\/wp-content\/uploads\/2024\/09\/Rack_RA_1200x1200_1-600x600.jpg 600w, https:\/\/www.streamlineseats.de\/page\/wp-content\/uploads\/2024\/09\/Rack_RA_1200x1200_1-100x100.jpg 100w, https:\/\/www.streamlineseats.de\/page\/wp-content\/uploads\/2024\/09\/Rack_RA_1200x1200_1.jpg 1200w\" sizes=\"(max-width: 300px) 100vw, 300px\" \/><\/a>\n\t\t\t<\/div><\/figure><figure class='gallery-item'>\n\t\t\t<div class='gallery-icon landscape'>\n\t\t\t\t<a data-elementor-open-lightbox=\"yes\" data-elementor-lightbox-slideshow=\"0751ced\" data-elementor-lightbox-title=\"Rack_RA_1200x1200_2\" data-e-action-hash=\"#elementor-action%3Aaction%3Dlightbox%26settings%3DeyJpZCI6MTAyODksInVybCI6Imh0dHBzOlwvXC93d3cuc3RyZWFtbGluZXNlYXRzLmRlXC9wYWdlXC93cC1jb250ZW50XC91cGxvYWRzXC8yMDI0XC8wOVwvUmFja19SQV8xMjAweDEyMDBfMi5qcGciLCJzbGlkZXNob3ciOiIwNzUxY2VkIn0%3D\" href='https:\/\/www.streamlineseats.de\/page\/wp-content\/uploads\/2024\/09\/Rack_RA_1200x1200_2.jpg'><img decoding=\"async\" width=\"300\" height=\"300\" src=\"https:\/\/www.streamlineseats.de\/page\/wp-content\/uploads\/2024\/09\/Rack_RA_1200x1200_2-300x300.jpg\" class=\"attachment-woocommerce_thumbnail size-woocommerce_thumbnail\" alt=\"\" srcset=\"https:\/\/www.streamlineseats.de\/page\/wp-content\/uploads\/2024\/09\/Rack_RA_1200x1200_2-300x300.jpg 300w, https:\/\/www.streamlineseats.de\/page\/wp-content\/uploads\/2024\/09\/Rack_RA_1200x1200_2-1024x1024.jpg 1024w, https:\/\/www.streamlineseats.de\/page\/wp-content\/uploads\/2024\/09\/Rack_RA_1200x1200_2-150x150.jpg 150w, https:\/\/www.streamlineseats.de\/page\/wp-content\/uploads\/2024\/09\/Rack_RA_1200x1200_2-768x768.jpg 768w, https:\/\/www.streamlineseats.de\/page\/wp-content\/uploads\/2024\/09\/Rack_RA_1200x1200_2-12x12.jpg 12w, https:\/\/www.streamlineseats.de\/page\/wp-content\/uploads\/2024\/09\/Rack_RA_1200x1200_2-600x600.jpg 600w, https:\/\/www.streamlineseats.de\/page\/wp-content\/uploads\/2024\/09\/Rack_RA_1200x1200_2-100x100.jpg 100w, https:\/\/www.streamlineseats.de\/page\/wp-content\/uploads\/2024\/09\/Rack_RA_1200x1200_2.jpg 1200w\" sizes=\"(max-width: 300px) 100vw, 300px\" \/><\/a>\n\t\t\t<\/div><\/figure><figure class='gallery-item'>\n\t\t\t<div class='gallery-icon landscape'>\n\t\t\t\t<a data-elementor-open-lightbox=\"yes\" data-elementor-lightbox-slideshow=\"0751ced\" data-elementor-lightbox-title=\"Rack_RA_1200x1200_3\" data-e-action-hash=\"#elementor-action%3Aaction%3Dlightbox%26settings%3DeyJpZCI6MTAyODgsInVybCI6Imh0dHBzOlwvXC93d3cuc3RyZWFtbGluZXNlYXRzLmRlXC9wYWdlXC93cC1jb250ZW50XC91cGxvYWRzXC8yMDI0XC8wOVwvUmFja19SQV8xMjAweDEyMDBfMy5qcGciLCJzbGlkZXNob3ciOiIwNzUxY2VkIn0%3D\" href='https:\/\/www.streamlineseats.de\/page\/wp-content\/uploads\/2024\/09\/Rack_RA_1200x1200_3.jpg'><img loading=\"lazy\" decoding=\"async\" width=\"300\" height=\"300\" src=\"https:\/\/www.streamlineseats.de\/page\/wp-content\/uploads\/2024\/09\/Rack_RA_1200x1200_3-300x300.jpg\" class=\"attachment-woocommerce_thumbnail size-woocommerce_thumbnail\" alt=\"\" srcset=\"https:\/\/www.streamlineseats.de\/page\/wp-content\/uploads\/2024\/09\/Rack_RA_1200x1200_3-300x300.jpg 300w, https:\/\/www.streamlineseats.de\/page\/wp-content\/uploads\/2024\/09\/Rack_RA_1200x1200_3-1024x1024.jpg 1024w, https:\/\/www.streamlineseats.de\/page\/wp-content\/uploads\/2024\/09\/Rack_RA_1200x1200_3-150x150.jpg 150w, https:\/\/www.streamlineseats.de\/page\/wp-content\/uploads\/2024\/09\/Rack_RA_1200x1200_3-768x768.jpg 768w, https:\/\/www.streamlineseats.de\/page\/wp-content\/uploads\/2024\/09\/Rack_RA_1200x1200_3-12x12.jpg 12w, https:\/\/www.streamlineseats.de\/page\/wp-content\/uploads\/2024\/09\/Rack_RA_1200x1200_3-600x600.jpg 600w, https:\/\/www.streamlineseats.de\/page\/wp-content\/uploads\/2024\/09\/Rack_RA_1200x1200_3-100x100.jpg 100w, https:\/\/www.streamlineseats.de\/page\/wp-content\/uploads\/2024\/09\/Rack_RA_1200x1200_3.jpg 1200w\" sizes=\"(max-width: 300px) 100vw, 300px\" \/><\/a>\n\t\t\t<\/div><\/figure><figure class='gallery-item'>\n\t\t\t<div class='gallery-icon landscape'>\n\t\t\t\t<a data-elementor-open-lightbox=\"yes\" data-elementor-lightbox-slideshow=\"0751ced\" data-elementor-lightbox-title=\"Rack_RA_1200x1200_5\" data-e-action-hash=\"#elementor-action%3Aaction%3Dlightbox%26settings%3DeyJpZCI6MTAyODYsInVybCI6Imh0dHBzOlwvXC93d3cuc3RyZWFtbGluZXNlYXRzLmRlXC9wYWdlXC93cC1jb250ZW50XC91cGxvYWRzXC8yMDI0XC8wOVwvUmFja19SQV8xMjAweDEyMDBfNS5qcGciLCJzbGlkZXNob3ciOiIwNzUxY2VkIn0%3D\" href='https:\/\/www.streamlineseats.de\/page\/wp-content\/uploads\/2024\/09\/Rack_RA_1200x1200_5.jpg'><img loading=\"lazy\" decoding=\"async\" width=\"300\" height=\"300\" src=\"https:\/\/www.streamlineseats.de\/page\/wp-content\/uploads\/2024\/09\/Rack_RA_1200x1200_5-300x300.jpg\" class=\"attachment-woocommerce_thumbnail size-woocommerce_thumbnail\" alt=\"\" srcset=\"https:\/\/www.streamlineseats.de\/page\/wp-content\/uploads\/2024\/09\/Rack_RA_1200x1200_5-300x300.jpg 300w, https:\/\/www.streamlineseats.de\/page\/wp-content\/uploads\/2024\/09\/Rack_RA_1200x1200_5-1024x1024.jpg 1024w, https:\/\/www.streamlineseats.de\/page\/wp-content\/uploads\/2024\/09\/Rack_RA_1200x1200_5-150x150.jpg 150w, https:\/\/www.streamlineseats.de\/page\/wp-content\/uploads\/2024\/09\/Rack_RA_1200x1200_5-768x768.jpg 768w, https:\/\/www.streamlineseats.de\/page\/wp-content\/uploads\/2024\/09\/Rack_RA_1200x1200_5-12x12.jpg 12w, https:\/\/www.streamlineseats.de\/page\/wp-content\/uploads\/2024\/09\/Rack_RA_1200x1200_5-600x600.jpg 600w, https:\/\/www.streamlineseats.de\/page\/wp-content\/uploads\/2024\/09\/Rack_RA_1200x1200_5-100x100.jpg 100w, https:\/\/www.streamlineseats.de\/page\/wp-content\/uploads\/2024\/09\/Rack_RA_1200x1200_5.jpg 1200w\" sizes=\"(max-width: 300px) 100vw, 300px\" \/><\/a>\n\t\t\t<\/div><\/figure>\n\t\t<\/div>\n\t\t<\/div>\n\t\t\t\t\t\t<\/div>\n\t\t\t\t<\/div>\n\t\t\t\t\t<\/div>\n\t\t<\/div>\n\t\t\t\t\t<\/div>\n\t\t<\/section>\n\t\t\t\t<section class=\"elementor-section elementor-top-section elementor-element elementor-element-ded8768 elementor-section-boxed elementor-section-height-default elementor-section-height-default\" data-id=\"ded8768\" data-element_type=\"section\">\n\t\t\t\t\t\t<div class=\"elementor-container elementor-column-gap-default\">\n\t\t\t\t\t<div class=\"elementor-column elementor-col-100 elementor-top-column elementor-element elementor-element-4f747aa\" data-id=\"4f747aa\" data-element_type=\"column\">\n\t\t\t<div class=\"elementor-widget-wrap elementor-element-populated\">\n\t\t\t\t\t\t<div class=\"elementor-element elementor-element-ec26b9f elementor-tabs-view-horizontal elementor-widget elementor-widget-tabs\" data-id=\"ec26b9f\" data-element_type=\"widget\" data-widget_type=\"tabs.default\">\n\t\t\t\t<div class=\"elementor-widget-container\">\n\t\t\t\t\t\t\t<div class=\"elementor-tabs\">\n\t\t\t<div class=\"elementor-tabs-wrapper\" role=\"tablist\" >\n\t\t\t\t\t\t\t\t\t<div id=\"elementor-tab-title-2471\" class=\"elementor-tab-title elementor-tab-desktop-title\" aria-selected=\"true\" data-tab=\"1\" role=\"tab\" tabindex=\"0\" aria-controls=\"elementor-tab-content-2471\" aria-expanded=\"false\">Technical data<\/div>\n\t\t\t\t\t\t\t<\/div>\n\t\t\t<div class=\"elementor-tabs-content-wrapper\" role=\"tablist\" aria-orientation=\"vertical\">\n\t\t\t\t\t\t\t\t\t<div class=\"elementor-tab-title elementor-tab-mobile-title\" aria-selected=\"true\" data-tab=\"1\" role=\"tab\" tabindex=\"0\" aria-controls=\"elementor-tab-content-2471\" aria-expanded=\"false\">Technical data<\/div>\n\t\t\t\t\t<div id=\"elementor-tab-content-2471\" class=\"elementor-tab-content elementor-clearfix\" data-tab=\"1\" role=\"tabpanel\" aria-labelledby=\"elementor-tab-title-2471\" tabindex=\"0\" hidden=\"false\"><p>Gefertigt aus Edelstahl\/Stahl<\/p><\/div>\n\t\t\t\t\t\t\t<\/div>\n\t\t<\/div>\n\t\t\t\t\t\t<\/div>\n\t\t\t\t<\/div>\n\t\t\t\t<div class=\"elementor-element elementor-element-87a4b70 elementor-widget elementor-widget-spacer\" data-id=\"87a4b70\" data-element_type=\"widget\" data-widget_type=\"spacer.default\">\n\t\t\t\t<div class=\"elementor-widget-container\">\n\t\t\t\t\t\t\t<div class=\"elementor-spacer\">\n\t\t\t<div class=\"elementor-spacer-inner\"><\/div>\n\t\t<\/div>\n\t\t\t\t\t\t<\/div>\n\t\t\t\t<\/div>\n\t\t\t\t\t<\/div>\n\t\t<\/div>\n\t\t\t\t\t<\/div>\n\t\t<\/section>\n\t\t\t\t<\/div>","protected":false},"excerpt":{"rendered":"<p>Custom Gep\u00e4cktr\u00e4ger f\u00fcr Royal Alloy Custom Gep\u00e4cktr\u00e4ger f\u00fcr Royal Alloy Unser Custom-Gep\u00e4cktr\u00e4ger wurde speziell f\u00fcr die Royal Alloy entwickelt, um die Montage unserer langen Sitzbank zu erm\u00f6glichen. Die wichtigsten Eigenschaften im \u00dcberblick: geeignet f\u00fcr Royal Alloy GP und TG verf\u00fcgbar in schwarz pulverbeschichtet oder in hochwertigem Edelstahl inkl. allem notwendigen Befestigungsmaterial Preis: 59,95 \u20ac Lieferumfang: [&hellip;]<\/p>","protected":false},"author":1,"featured_media":0,"parent":0,"menu_order":0,"comment_status":"closed","ping_status":"closed","template":"","meta":{"site-sidebar-layout":"no-sidebar","site-content-layout":"page-builder","ast-site-content-layout":"full-width-container","site-content-style":"unboxed","site-sidebar-style":"unboxed","ast-global-header-display":"","ast-banner-title-visibility":"","ast-main-header-display":"","ast-hfb-above-header-display":"","ast-hfb-below-header-display":"","ast-hfb-mobile-header-display":"","site-post-title":"disabled","ast-breadcrumbs-content":"","ast-featured-img":"disabled","footer-sml-layout":"","theme-transparent-header-meta":"enabled","adv-header-id-meta":"","stick-header-meta":"","header-above-stick-meta":"","header-main-stick-meta":"","header-below-stick-meta":"","astra-migrate-meta-layouts":"set","ast-page-background-enabled":"default","ast-page-background-meta":{"desktop":{"background-color":"","background-image":"","background-repeat":"repeat","background-position":"center center","background-size":"auto","background-attachment":"scroll","background-type":"","background-media":"","overlay-type":"","overlay-color":"","overlay-opacity":"","overlay-gradient":""},"tablet":{"background-color":"","background-image":"","background-repeat":"repeat","background-position":"center center","background-size":"auto","background-attachment":"scroll","background-type":"","background-media":"","overlay-type":"","overlay-color":"","overlay-opacity":"","overlay-gradient":""},"mobile":{"background-color":"","background-image":"","background-repeat":"repeat","background-position":"center center","background-size":"auto","background-attachment":"scroll","background-type":"","background-media":"","overlay-type":"","overlay-color":"","overlay-opacity":"","overlay-gradient":""}},"ast-content-background-meta":{"desktop":{"background-color":"var(--ast-global-color-5)","background-image":"","background-repeat":"repeat","background-position":"center center","background-size":"auto","background-attachment":"scroll","background-type":"","background-media":"","overlay-type":"","overlay-color":"","overlay-opacity":"","overlay-gradient":""},"tablet":{"background-color":"var(--ast-global-color-5)","background-image":"","background-repeat":"repeat","background-position":"center center","background-size":"auto","background-attachment":"scroll","background-type":"","background-media":"","overlay-type":"","overlay-color":"","overlay-opacity":"","overlay-gradient":""},"mobile":{"background-color":"var(--ast-global-color-5)","background-image":"","background-repeat":"repeat","background-position":"center center","background-size":"auto","background-attachment":"scroll","background-type":"","background-media":"","overlay-type":"","overlay-color":"","overlay-opacity":"","overlay-gradient":""}},"footnotes":""},"class_list":["post-11148","page","type-page","status-publish","hentry"],"_links":{"self":[{"href":"https:\/\/www.streamlineseats.de\/page\/en\/wp-json\/wp\/v2\/pages\/11148","targetHints":{"allow":["GET"]}}],"collection":[{"href":"https:\/\/www.streamlineseats.de\/page\/en\/wp-json\/wp\/v2\/pages"}],"about":[{"href":"https:\/\/www.streamlineseats.de\/page\/en\/wp-json\/wp\/v2\/types\/page"}],"author":[{"embeddable":true,"href":"https:\/\/www.streamlineseats.de\/page\/en\/wp-json\/wp\/v2\/users\/1"}],"replies":[{"embeddable":true,"href":"https:\/\/www.streamlineseats.de\/page\/en\/wp-json\/wp\/v2\/comments?post=11148"}],"version-history":[{"count":33,"href":"https:\/\/www.streamlineseats.de\/page\/en\/wp-json\/wp\/v2\/pages\/11148\/revisions"}],"predecessor-version":[{"id":11192,"href":"https:\/\/www.streamlineseats.de\/page\/en\/wp-json\/wp\/v2\/pages\/11148\/revisions\/11192"}],"wp:attachment":[{"href":"https:\/\/www.streamlineseats.de\/page\/en\/wp-json\/wp\/v2\/media?parent=11148"}],"curies":[{"name":"wp","href":"https:\/\/api.w.org\/{rel}","templated":true}]}}